{"id":93,"date":"2015-01-13T16:37:55","date_gmt":"2015-01-13T15:37:55","guid":{"rendered":"http:\/\/innenrestaurierung-pfarrkirche-herschwiesen.de\/wordpress\/?page_id=93"},"modified":"2015-01-14T09:34:32","modified_gmt":"2015-01-14T08:34:32","slug":"16-april-2011","status":"publish","type":"page","link":"https:\/\/www.foerderverein-herschwiesen.de\/?page_id=93","title":{"rendered":"16. April 2011"},"content":{"rendered":"<p><strong>Bautagebuch<\/strong><\/p>\n<p>Am 16. April, als die Kirche v\u00f6llig leer war, lud man zu einem Baustellentreff ein.<br \/>\nJedermann hatte f\u00fcr die n\u00e4chsten zw\u00f6lf Monate die letzte Gelegenheit, die Kirche einmal ganz leer zu sehen.<br \/>\nDanach begann der komplette Ger\u00fcstbau.<\/p>\n<p><a href=\"https:\/\/www.foerderverein-herschwiesen.de\/wp-content\/uploads\/2015\/01\/Besucher5.jpg\"><img loading=\"lazy\" decoding=\"async\" class=\"alignnone size-full wp-image-94\" src=\"https:\/\/www.foerderverein-herschwiesen.de\/wp-content\/uploads\/2015\/01\/Besucher5.jpg\" alt=\"Besucher5\" width=\"240\" height=\"180\" \/><\/a> \u00a0 <a href=\"https:\/\/www.foerderverein-herschwiesen.de\/wp-content\/uploads\/2015\/01\/Besucher1.jpg\"><img loading=\"lazy\" decoding=\"async\" class=\"alignnone size-medium wp-image-95\" src=\"https:\/\/www.foerderverein-herschwiesen.de\/wp-content\/uploads\/2015\/01\/Besucher1.jpg\" alt=\"Besucher1\" width=\"240\" height=\"180\" \/><\/a> <a href=\"https:\/\/www.foerderverein-herschwiesen.de\/wp-content\/uploads\/2015\/01\/Besucher2.jpg\"><img loading=\"lazy\" decoding=\"async\" class=\"alignnone size-medium wp-image-96\" src=\"https:\/\/www.foerderverein-herschwiesen.de\/wp-content\/uploads\/2015\/01\/Besucher2.jpg\" alt=\"Besucher2\" width=\"240\" height=\"180\" \/><\/a> \u00a0 <a href=\"https:\/\/www.foerderverein-herschwiesen.de\/wp-content\/uploads\/2015\/01\/Besucher3.jpg\"><img loading=\"lazy\" decoding=\"async\" class=\"alignnone size-medium wp-image-97\" src=\"https:\/\/www.foerderverein-herschwiesen.de\/wp-content\/uploads\/2015\/01\/Besucher3.jpg\" alt=\"Besucher3\" width=\"240\" height=\"180\" \/><\/a> <a href=\"https:\/\/www.foerderverein-herschwiesen.de\/wp-content\/uploads\/2015\/01\/Besucher4.jpg\"><img loading=\"lazy\" decoding=\"async\" class=\"alignnone size-medium wp-image-98\" src=\"https:\/\/www.foerderverein-herschwiesen.de\/wp-content\/uploads\/2015\/01\/Besucher4.jpg\" alt=\"Besucher4\" width=\"240\" height=\"180\" \/><\/a><\/p>\n<p>55 Tonnen Ger\u00fcst werden aufgebaut<\/p>\n<p><a href=\"https:\/\/www.foerderverein-herschwiesen.de\/wp-content\/uploads\/2015\/01\/geruest5.jpg\"><img loading=\"lazy\" decoding=\"async\" class=\"alignnone size-full wp-image-99\" src=\"https:\/\/www.foerderverein-herschwiesen.de\/wp-content\/uploads\/2015\/01\/geruest5.jpg\" alt=\"geruest5\" width=\"240\" height=\"180\" \/><\/a> \u00a0 <a href=\"https:\/\/www.foerderverein-herschwiesen.de\/wp-content\/uploads\/2015\/01\/geruest1.jpg\"><img loading=\"lazy\" decoding=\"async\" class=\"alignnone size-medium wp-image-100\" src=\"https:\/\/www.foerderverein-herschwiesen.de\/wp-content\/uploads\/2015\/01\/geruest1.jpg\" alt=\"geruest1\" width=\"240\" height=\"180\" \/><\/a> <a href=\"https:\/\/www.foerderverein-herschwiesen.de\/wp-content\/uploads\/2015\/01\/geruest2.jpg\"><img loading=\"lazy\" decoding=\"async\" class=\"alignnone size-medium wp-image-101\" src=\"https:\/\/www.foerderverein-herschwiesen.de\/wp-content\/uploads\/2015\/01\/geruest2.jpg\" alt=\"geruest2\" width=\"240\" height=\"180\" \/><\/a> \u00a0 <a href=\"https:\/\/www.foerderverein-herschwiesen.de\/wp-content\/uploads\/2015\/01\/geruest3.jpg\"><img loading=\"lazy\" decoding=\"async\" class=\"alignnone size-medium wp-image-102\" src=\"https:\/\/www.foerderverein-herschwiesen.de\/wp-content\/uploads\/2015\/01\/geruest3.jpg\" alt=\"geruest3\" width=\"240\" height=\"180\" \/><\/a> <a href=\"https:\/\/www.foerderverein-herschwiesen.de\/wp-content\/uploads\/2015\/01\/geruest4.jpg\"><img loading=\"lazy\" decoding=\"async\" class=\"alignnone size-medium wp-image-103\" src=\"https:\/\/www.foerderverein-herschwiesen.de\/wp-content\/uploads\/2015\/01\/geruest4.jpg\" alt=\"geruest4\" width=\"240\" height=\"180\" \/><\/a><\/p>\n","protected":false},"excerpt":{"rendered":"<p>Bautagebuch Am 16. April, als die Kirche v\u00f6llig leer war, lud man zu einem Baustellentreff ein. Jedermann hatte f\u00fcr die n\u00e4chsten zw\u00f6lf Monate die letzte Gelegenheit, die Kirche einmal ganz leer zu sehen. Danach begann der komplette Ger\u00fcstbau. \u00a0 \u00a0 55 Tonnen Ger\u00fcst werden aufgebaut \u00a0 \u00a0<\/p>\n","protected":false},"author":3,"featured_media":0,"parent":30,"menu_order":3,"comment_status":"closed","ping_status":"open","template":"","meta":{"footnotes":""},"class_list":["post-93","page","type-page","status-publish","hentry"],"_links":{"self":[{"href":"https:\/\/www.foerderverein-herschwiesen.de\/index.php?rest_route=\/wp\/v2\/pages\/93","targetHints":{"allow":["GET"]}}],"collection":[{"href":"https:\/\/www.foerderverein-herschwiesen.de\/index.php?rest_route=\/wp\/v2\/pages"}],"about":[{"href":"https:\/\/www.foerderverein-herschwiesen.de\/index.php?rest_route=\/wp\/v2\/types\/page"}],"author":[{"embeddable":true,"href":"https:\/\/www.foerderverein-herschwiesen.de\/index.php?rest_route=\/wp\/v2\/users\/3"}],"replies":[{"embeddable":true,"href":"https:\/\/www.foerderverein-herschwiesen.de\/index.php?rest_route=%2Fwp%2Fv2%2Fcomments&post=93"}],"version-history":[{"count":3,"href":"https:\/\/www.foerderverein-herschwiesen.de\/index.php?rest_route=\/wp\/v2\/pages\/93\/revisions"}],"predecessor-version":[{"id":117,"href":"https:\/\/www.foerderverein-herschwiesen.de\/index.php?rest_route=\/wp\/v2\/pages\/93\/revisions\/117"}],"up":[{"embeddable":true,"href":"https:\/\/www.foerderverein-herschwiesen.de\/index.php?rest_route=\/wp\/v2\/pages\/30"}],"wp:attachment":[{"href":"https:\/\/www.foerderverein-herschwiesen.de\/index.php?rest_route=%2Fwp%2Fv2%2Fmedia&parent=93"}],"curies":[{"name":"wp","href":"https:\/\/api.w.org\/{rel}","templated":true}]}}