{"id":62,"date":"2015-01-13T16:29:54","date_gmt":"2015-01-13T15:29:54","guid":{"rendered":"http:\/\/innenrestaurierung-pfarrkirche-herschwiesen.de\/wordpress\/?page_id=62"},"modified":"2015-01-14T09:33:33","modified_gmt":"2015-01-14T08:33:33","slug":"06-april-2011","status":"publish","type":"page","link":"https:\/\/www.foerderverein-herschwiesen.de\/?page_id=62","title":{"rendered":"06. April 2011"},"content":{"rendered":"<p><strong>Bautagebuch<\/strong><\/p>\n<p>Am 06. April werden die 14 Kreuzwegstationen (aus der Schule des Koblenzer Malers Januarius Zick?) vom Restaurator abgeh\u00e4ngt\u00a0 und sorgf\u00e4ltig verpackt.<\/p>\n<p><a href=\"https:\/\/www.foerderverein-herschwiesen.de\/wp-content\/uploads\/2015\/01\/030-Kreuzwegstation-8.jpg\"><img loading=\"lazy\" decoding=\"async\" class=\"alignnone size-medium wp-image-64\" src=\"https:\/\/www.foerderverein-herschwiesen.de\/wp-content\/uploads\/2015\/01\/030-Kreuzwegstation-8.jpg\" alt=\"030  Kreuzwegstation 8\" width=\"225\" height=\"300\" \/><\/a>\u00a0\u00a0\u00a0 <a href=\"https:\/\/www.foerderverein-herschwiesen.de\/wp-content\/uploads\/2015\/01\/031-Abgeh\u00e4ngtes-Kreuzweg.jpg\"><img loading=\"lazy\" decoding=\"async\" class=\"alignnone wp-image-63 \" src=\"https:\/\/www.foerderverein-herschwiesen.de\/wp-content\/uploads\/2015\/01\/031-Abgeh\u00e4ngtes-Kreuzweg.jpg\" alt=\"031  Abgeh\u00e4ngtes Kreuzweg\" width=\"223\" height=\"297\" \/><\/a><\/p>\n<p>Anschlie\u00dfend werden alle einzeln aufgeh\u00e4ngten Heiligenstatuen, die Pieta und die Altarfiguren abgebaut. Teilweise sind sie mit Eisenstangen in der Wand befestigt.<\/p>\n<p><a href=\"https:\/\/www.foerderverein-herschwiesen.de\/wp-content\/uploads\/2015\/01\/059-Heiligenfiguren1.jpg\"><img loading=\"lazy\" decoding=\"async\" class=\"alignnone size-medium wp-image-66\" src=\"https:\/\/www.foerderverein-herschwiesen.de\/wp-content\/uploads\/2015\/01\/059-Heiligenfiguren1.jpg\" alt=\"059 Heiligenfiguren1\" width=\"240\" height=\"180\" \/><\/a> \u00a0\u00a0 <a href=\"https:\/\/www.foerderverein-herschwiesen.de\/wp-content\/uploads\/2015\/01\/059-Heiligenfiguren2.jpg\"><img loading=\"lazy\" decoding=\"async\" class=\"alignnone size-medium wp-image-67\" src=\"https:\/\/www.foerderverein-herschwiesen.de\/wp-content\/uploads\/2015\/01\/059-Heiligenfiguren2.jpg\" alt=\"059 Heiligenfiguren2\" width=\"240\" height=\"180\" \/><\/a> \u00a0<span style=\"font-family: Arial;\"><span style=\"font-size: small;\"><a href=\"https:\/\/www.foerderverein-herschwiesen.de\/wp-content\/uploads\/2015\/01\/059-Heiligenfiguren7.jpg\"><img loading=\"lazy\" decoding=\"async\" class=\"alignnone size-medium wp-image-72\" src=\"https:\/\/www.foerderverein-herschwiesen.de\/wp-content\/uploads\/2015\/01\/059-Heiligenfiguren7.jpg\" alt=\"059 Heiligenfiguren7\" width=\"240\" height=\"180\" \/><\/a><\/span><\/span><span style=\"font-family: Arial;\"><span style=\"font-size: small;\">\u00a0<\/span><\/span><\/p>\n<p><span style=\"font-family: Arial;\"><span style=\"font-size: small;\"><a href=\"https:\/\/www.foerderverein-herschwiesen.de\/wp-content\/uploads\/2015\/01\/059-Heiligenfiguren9.jpg\"><img loading=\"lazy\" decoding=\"async\" class=\"alignnone size-full wp-image-65\" src=\"https:\/\/www.foerderverein-herschwiesen.de\/wp-content\/uploads\/2015\/01\/059-Heiligenfiguren9.jpg\" alt=\"059 Heiligenfiguren9\" width=\"240\" height=\"320\" \/><\/a><\/span><\/span><span style=\"font-family: Arial;\"><span style=\"font-size: small;\"> \u00a0\u00a0<\/span><\/span><span style=\"font-family: Arial;\"><span style=\"font-size: small;\"> <a href=\"https:\/\/www.foerderverein-herschwiesen.de\/wp-content\/uploads\/2015\/01\/059-Heiligenfiguren3.jpg\"><img loading=\"lazy\" decoding=\"async\" class=\"alignnone size-medium wp-image-68\" src=\"https:\/\/www.foerderverein-herschwiesen.de\/wp-content\/uploads\/2015\/01\/059-Heiligenfiguren3.jpg\" alt=\"059 Heiligenfiguren3\" width=\"225\" height=\"300\" \/><\/a> <\/span><\/span><\/p>\n<p><span style=\"font-family: Arial;\"><span style=\"font-size: small;\"> <a href=\"https:\/\/www.foerderverein-herschwiesen.de\/wp-content\/uploads\/2015\/01\/059-Heiligenfiguren6.jpg\"><img loading=\"lazy\" decoding=\"async\" class=\"alignnone size-medium wp-image-71\" src=\"https:\/\/www.foerderverein-herschwiesen.de\/wp-content\/uploads\/2015\/01\/059-Heiligenfiguren6.jpg\" alt=\"059 Heiligenfiguren6\" width=\"225\" height=\"300\" \/><\/a> \u00a0 \u00a0 \u00a0\u00a0 <\/span><\/span><span style=\"font-family: Arial;\"><span style=\"font-size: small;\"><a href=\"https:\/\/www.foerderverein-herschwiesen.de\/wp-content\/uploads\/2015\/01\/059-Heiligenfiguren4.jpg\"><img loading=\"lazy\" decoding=\"async\" class=\"alignnone size-medium wp-image-69\" src=\"https:\/\/www.foerderverein-herschwiesen.de\/wp-content\/uploads\/2015\/01\/059-Heiligenfiguren4.jpg\" alt=\"059 Heiligenfiguren4\" width=\"225\" height=\"300\" \/><\/a><\/span><\/span><br \/>\n<span style=\"font-family: Arial;\"><span style=\"font-size: small;\"><a href=\"https:\/\/www.foerderverein-herschwiesen.de\/wp-content\/uploads\/2015\/01\/059-Heiligenfiguren5.jpg\"><img loading=\"lazy\" decoding=\"async\" class=\"alignnone size-medium wp-image-70\" src=\"https:\/\/www.foerderverein-herschwiesen.de\/wp-content\/uploads\/2015\/01\/059-Heiligenfiguren5.jpg\" alt=\"059 Heiligenfiguren5\" width=\"225\" height=\"300\" \/><\/a> \u00a0 \u00a0 \u00a0\u00a0 <\/span><\/span><span style=\"font-family: Arial;\"><span style=\"font-size: small;\"><a href=\"https:\/\/www.foerderverein-herschwiesen.de\/wp-content\/uploads\/2015\/01\/059-Heiligenfiguren8.jpg\"><img loading=\"lazy\" decoding=\"async\" class=\"alignnone size-medium wp-image-73\" src=\"https:\/\/www.foerderverein-herschwiesen.de\/wp-content\/uploads\/2015\/01\/059-Heiligenfiguren8.jpg\" alt=\"059 Heiligenfiguren8\" width=\"225\" height=\"300\" \/><\/a><\/span><\/span><\/p>\n<p>Kurz darauf beginnt der Abbau der barocken Alt\u00e4re. Hierzu steht technische Hilfe durch einen kleinen Kran zur Verf\u00fcgung, der bis in das Gew\u00f6lbe ausgefahren werden kann.<\/p>\n<p><a href=\"https:\/\/www.foerderverein-herschwiesen.de\/wp-content\/uploads\/2015\/01\/Altar10.jpg\"><img loading=\"lazy\" decoding=\"async\" class=\"alignnone size-full wp-image-74\" src=\"https:\/\/www.foerderverein-herschwiesen.de\/wp-content\/uploads\/2015\/01\/Altar10.jpg\" alt=\"Altar10\" width=\"240\" height=\"180\" \/><\/a> <a href=\"https:\/\/www.foerderverein-herschwiesen.de\/wp-content\/uploads\/2015\/01\/Altar1.jpg\"><img loading=\"lazy\" decoding=\"async\" class=\"alignnone size-medium wp-image-75\" src=\"https:\/\/www.foerderverein-herschwiesen.de\/wp-content\/uploads\/2015\/01\/Altar1.jpg\" alt=\"Altar1\" width=\"240\" height=\"180\" \/><\/a> <a href=\"https:\/\/www.foerderverein-herschwiesen.de\/wp-content\/uploads\/2015\/01\/Altar2.jpg\"><img loading=\"lazy\" decoding=\"async\" class=\"alignnone size-medium wp-image-76\" src=\"https:\/\/www.foerderverein-herschwiesen.de\/wp-content\/uploads\/2015\/01\/Altar2.jpg\" alt=\"Altar2\" width=\"225\" height=\"300\" \/><\/a>\u00a0\u00a0\u00a0\u00a0\u00a0\u00a0\u00a0 <a href=\"https:\/\/www.foerderverein-herschwiesen.de\/wp-content\/uploads\/2015\/01\/Altar5.jpg\"><img loading=\"lazy\" decoding=\"async\" class=\"alignnone size-medium wp-image-79\" src=\"https:\/\/www.foerderverein-herschwiesen.de\/wp-content\/uploads\/2015\/01\/Altar5.jpg\" alt=\"Altar5\" width=\"225\" height=\"300\" \/><\/a><a href=\"https:\/\/www.foerderverein-herschwiesen.de\/wp-content\/uploads\/2015\/01\/Altar3.jpg\"><img loading=\"lazy\" decoding=\"async\" class=\"alignnone size-medium wp-image-77\" src=\"https:\/\/www.foerderverein-herschwiesen.de\/wp-content\/uploads\/2015\/01\/Altar3.jpg\" alt=\"Altar3\" width=\"240\" height=\"180\" \/><\/a> <a href=\"https:\/\/www.foerderverein-herschwiesen.de\/wp-content\/uploads\/2015\/01\/Altar4.jpg\"><img loading=\"lazy\" decoding=\"async\" class=\"alignnone size-medium wp-image-78\" src=\"https:\/\/www.foerderverein-herschwiesen.de\/wp-content\/uploads\/2015\/01\/Altar4.jpg\" alt=\"Altar4\" width=\"240\" height=\"180\" \/><\/a>\u00a0 <a href=\"https:\/\/www.foerderverein-herschwiesen.de\/wp-content\/uploads\/2015\/01\/Altar6.jpg\"><img loading=\"lazy\" decoding=\"async\" class=\"alignnone size-medium wp-image-80\" src=\"https:\/\/www.foerderverein-herschwiesen.de\/wp-content\/uploads\/2015\/01\/Altar6.jpg\" alt=\"Altar6\" width=\"240\" height=\"180\" \/><\/a> <a href=\"https:\/\/www.foerderverein-herschwiesen.de\/wp-content\/uploads\/2015\/01\/Altar7.jpg\"><img loading=\"lazy\" decoding=\"async\" class=\"alignnone size-medium wp-image-81\" src=\"https:\/\/www.foerderverein-herschwiesen.de\/wp-content\/uploads\/2015\/01\/Altar7.jpg\" alt=\"Altar7\" width=\"240\" height=\"180\" \/><\/a> <a href=\"https:\/\/www.foerderverein-herschwiesen.de\/wp-content\/uploads\/2015\/01\/Altar8.jpg\"><img loading=\"lazy\" decoding=\"async\" class=\"alignnone size-medium wp-image-82\" src=\"https:\/\/www.foerderverein-herschwiesen.de\/wp-content\/uploads\/2015\/01\/Altar8.jpg\" alt=\"Altar8\" width=\"240\" height=\"180\" \/><\/a> <a href=\"https:\/\/www.foerderverein-herschwiesen.de\/wp-content\/uploads\/2015\/01\/Altar9.jpg\"><img loading=\"lazy\" decoding=\"async\" class=\"alignnone size-medium wp-image-83\" src=\"https:\/\/www.foerderverein-herschwiesen.de\/wp-content\/uploads\/2015\/01\/Altar9.jpg\" alt=\"Altar9\" width=\"240\" height=\"180\" \/><\/a><\/p>\n<p>Die Handwerker haben inzwischen den Holzfu\u00dfboden, auf dem sonst die B\u00e4nke stehen, mit Brettern abgedeckt.<br \/>\nDie flei\u00dfigen Helfer beim Kirche-Ausr\u00e4umen:<\/p>\n<p><a href=\"https:\/\/www.foerderverein-herschwiesen.de\/wp-content\/uploads\/2015\/01\/Helfer6.jpg\"><img loading=\"lazy\" decoding=\"async\" class=\"alignnone size-full wp-image-84\" src=\"https:\/\/www.foerderverein-herschwiesen.de\/wp-content\/uploads\/2015\/01\/Helfer6.jpg\" alt=\"Helfer6\" width=\"240\" height=\"180\" \/><\/a> <a href=\"https:\/\/www.foerderverein-herschwiesen.de\/wp-content\/uploads\/2015\/01\/Helfer1.jpg\"><img loading=\"lazy\" decoding=\"async\" class=\"alignnone size-medium wp-image-85\" src=\"https:\/\/www.foerderverein-herschwiesen.de\/wp-content\/uploads\/2015\/01\/Helfer1.jpg\" alt=\"Helfer1\" width=\"240\" height=\"180\" \/><\/a> <a href=\"https:\/\/www.foerderverein-herschwiesen.de\/wp-content\/uploads\/2015\/01\/Helfer2.jpg\"><img loading=\"lazy\" decoding=\"async\" class=\"alignnone size-medium wp-image-86\" src=\"https:\/\/www.foerderverein-herschwiesen.de\/wp-content\/uploads\/2015\/01\/Helfer2.jpg\" alt=\"Helfer2\" width=\"240\" height=\"180\" \/><\/a> <a href=\"https:\/\/www.foerderverein-herschwiesen.de\/wp-content\/uploads\/2015\/01\/Helfer3.jpg\"><img loading=\"lazy\" decoding=\"async\" class=\"alignnone size-medium wp-image-87\" src=\"https:\/\/www.foerderverein-herschwiesen.de\/wp-content\/uploads\/2015\/01\/Helfer3.jpg\" alt=\"Helfer3\" width=\"240\" height=\"180\" \/><\/a> <a href=\"https:\/\/www.foerderverein-herschwiesen.de\/wp-content\/uploads\/2015\/01\/Helfer4.jpg\"><img loading=\"lazy\" decoding=\"async\" class=\"alignnone size-medium wp-image-88\" src=\"https:\/\/www.foerderverein-herschwiesen.de\/wp-content\/uploads\/2015\/01\/Helfer4.jpg\" alt=\"Helfer4\" width=\"240\" height=\"180\" \/><\/a> <a href=\"https:\/\/www.foerderverein-herschwiesen.de\/wp-content\/uploads\/2015\/01\/Helfer5.jpg\"><img loading=\"lazy\" decoding=\"async\" class=\"alignnone size-medium wp-image-89\" src=\"https:\/\/www.foerderverein-herschwiesen.de\/wp-content\/uploads\/2015\/01\/Helfer5.jpg\" alt=\"Helfer5\" width=\"240\" height=\"180\" \/><\/a><\/p>\n","protected":false},"excerpt":{"rendered":"<p>Bautagebuch Am 06. April werden die 14 Kreuzwegstationen (aus der Schule des Koblenzer Malers Januarius Zick?) vom Restaurator abgeh\u00e4ngt\u00a0 und sorgf\u00e4ltig verpackt. \u00a0\u00a0\u00a0 Anschlie\u00dfend werden alle einzeln aufgeh\u00e4ngten Heiligenstatuen, die Pieta und die Altarfiguren abgebaut. Teilweise sind sie mit Eisenstangen in der Wand befestigt. \u00a0\u00a0 \u00a0\u00a0 \u00a0\u00a0 \u00a0 \u00a0 \u00a0\u00a0 \u00a0 \u00a0 \u00a0\u00a0 Kurz darauf [&hellip;]<\/p>\n","protected":false},"author":3,"featured_media":0,"parent":30,"menu_order":2,"comment_status":"closed","ping_status":"open","template":"","meta":{"footnotes":""},"class_list":["post-62","page","type-page","status-publish","hentry"],"_links":{"self":[{"href":"https:\/\/www.foerderverein-herschwiesen.de\/index.php?rest_route=\/wp\/v2\/pages\/62","targetHints":{"allow":["GET"]}}],"collection":[{"href":"https:\/\/www.foerderverein-herschwiesen.de\/index.php?rest_route=\/wp\/v2\/pages"}],"about":[{"href":"https:\/\/www.foerderverein-herschwiesen.de\/index.php?rest_route=\/wp\/v2\/types\/page"}],"author":[{"embeddable":true,"href":"https:\/\/www.foerderverein-herschwiesen.de\/index.php?rest_route=\/wp\/v2\/users\/3"}],"replies":[{"embeddable":true,"href":"https:\/\/www.foerderverein-herschwiesen.de\/index.php?rest_route=%2Fwp%2Fv2%2Fcomments&post=62"}],"version-history":[{"count":5,"href":"https:\/\/www.foerderverein-herschwiesen.de\/index.php?rest_route=\/wp\/v2\/pages\/62\/revisions"}],"predecessor-version":[{"id":116,"href":"https:\/\/www.foerderverein-herschwiesen.de\/index.php?rest_route=\/wp\/v2\/pages\/62\/revisions\/116"}],"up":[{"embeddable":true,"href":"https:\/\/www.foerderverein-herschwiesen.de\/index.php?rest_route=\/wp\/v2\/pages\/30"}],"wp:attachment":[{"href":"https:\/\/www.foerderverein-herschwiesen.de\/index.php?rest_route=%2Fwp%2Fv2%2Fmedia&parent=62"}],"curies":[{"name":"wp","href":"https:\/\/api.w.org\/{rel}","templated":true}]}}