{"id":5783,"date":"2024-09-30T15:09:21","date_gmt":"2024-09-30T13:09:21","guid":{"rendered":"https:\/\/www.foerderverein-herschwiesen.de\/?page_id=5783"},"modified":"2024-10-21T10:21:55","modified_gmt":"2024-10-21T08:21:55","slug":"fest-zur-fertigstellung-der-aussensanierung-unserer-kirche-st-pankratius","status":"publish","type":"page","link":"https:\/\/www.foerderverein-herschwiesen.de\/?page_id=5783","title":{"rendered":"Fest zur Fertigstellung der Au\u00dfensanierung unserer Kirche St. Pankratius"},"content":{"rendered":"\n<h2 class=\"wp-block-heading\">Am 29. September feierte die Kirchengemeinde die Fertigstellung der Au\u00dfensanierung der Kirche St. Pankratius.<br>Nach einer Folge von langen Sanierungsabschnitten, Innen- Pfarrhof- Ringmauer und kompletter Au\u00dfensanierung wurden alle Ma\u00dfnahmen mit Erfolg an diesem Tag gew\u00fcrdigt und gefeiert.<br>Der Frauenchor Buchholz gestaltete die feierliche Messe mit und Herr Pastor Dumont fand passende Worte f\u00fcr die Vollendung der Ma\u00dfnahmen.<br>Die Bev\u00f6lkerung war eingeladen an dem Festgottesdienst sowie nachfolgender festlicher Bewirtung des F\u00f6rdervereins teilzunehmen.<br>Hierf\u00fcr waren Pfarrhof und Dorfgemeinschaftshaus hergerichtet.<br>Ohne die vielf\u00e4ltige Arbeit des F\u00f6rdervereins und seinem Einsatz bei<br>den Ma\u00dfgebenden Beh\u00f6rden w\u00e4ren diese ganzen Aufwendungen<br>nicht zu schaffen gewesen. Der F\u00f6rderverein ging hier sehr<br>viele Verpflichtungen ein, und die Bem\u00fchungen der Mitglieder<br>wurden vielfach gefordert.<br>Eine Einladung der Kirchenmitglieder erfolgte mit folgendem Aushang:<\/h2>\n\n\n\n<figure class=\"wp-block-image size-full\"><a href=\"https:\/\/www.foerderverein-herschwiesen.de\/wp-content\/uploads\/2024\/10\/Kirchenchor.jpg\"><img loading=\"lazy\" decoding=\"async\" width=\"765\" height=\"963\" src=\"https:\/\/www.foerderverein-herschwiesen.de\/wp-content\/uploads\/2024\/10\/Kirchenchor.jpg\" alt=\"\" class=\"wp-image-5851\"\/><\/a><\/figure>\n\n\n\n<figure class=\"wp-block-image size-full\"><a href=\"https:\/\/www.foerderverein-herschwiesen.de\/wp-content\/uploads\/2023\/03\/grafik.png\"><img loading=\"lazy\" decoding=\"async\" width=\"621\" height=\"699\" src=\"https:\/\/www.foerderverein-herschwiesen.de\/wp-content\/uploads\/2023\/03\/grafik.png\" alt=\"\" class=\"wp-image-5767\"\/><\/a><\/figure>\n\n\n\n\n\n<h2 class=\"wp-block-heading\">Viele Kirchenbesucher folgten dieser Einladung und feierten einen sch\u00f6nen Abschluss der Sanierung bei herrlichem Wetter nach dem Festgottesdienst.<br>Hier einige Bilder:<\/h2>\n\n\n\n<figure class=\"wp-block-gallery has-nested-images columns-default is-cropped wp-block-gallery-1 is-layout-flex wp-block-gallery-is-layout-flex\">\n<figure class=\"wp-block-image size-large\"><a href=\"https:\/\/www.foerderverein-herschwiesen.de\/wp-content\/uploads\/2024\/09\/Innenrenov_Fest100100.jpg\"><img loading=\"lazy\" decoding=\"async\" width=\"4928\" height=\"3288\" data-id=\"5788\" src=\"https:\/\/www.foerderverein-herschwiesen.de\/wp-content\/uploads\/2024\/09\/Innenrenov_Fest100100.jpg\" alt=\"\" class=\"wp-image-5788\"\/><\/a><\/figure>\n\n\n\n<figure class=\"wp-block-image size-large\"><a href=\"https:\/\/www.foerderverein-herschwiesen.de\/wp-content\/uploads\/2024\/09\/Innenrenov_Fest200100.jpg\"><img loading=\"lazy\" decoding=\"async\" width=\"4928\" height=\"3288\" data-id=\"5789\" src=\"https:\/\/www.foerderverein-herschwiesen.de\/wp-content\/uploads\/2024\/09\/Innenrenov_Fest200100.jpg\" alt=\"\" class=\"wp-image-5789\"\/><\/a><\/figure>\n\n\n\n<figure class=\"wp-block-image size-large\"><a href=\"https:\/\/www.foerderverein-herschwiesen.de\/wp-content\/uploads\/2024\/09\/Innenrenov_Fest300100.jpg\"><img loading=\"lazy\" decoding=\"async\" width=\"4928\" height=\"3288\" data-id=\"5793\" src=\"https:\/\/www.foerderverein-herschwiesen.de\/wp-content\/uploads\/2024\/09\/Innenrenov_Fest300100.jpg\" alt=\"\" class=\"wp-image-5793\"\/><\/a><\/figure>\n\n\n\n<figure class=\"wp-block-image size-large\"><a href=\"https:\/\/www.foerderverein-herschwiesen.de\/wp-content\/uploads\/2024\/09\/Innenrenov_Fest400100.jpg\"><img loading=\"lazy\" decoding=\"async\" width=\"4928\" height=\"3288\" data-id=\"5796\" src=\"https:\/\/www.foerderverein-herschwiesen.de\/wp-content\/uploads\/2024\/09\/Innenrenov_Fest400100.jpg\" alt=\"\" class=\"wp-image-5796\"\/><\/a><\/figure>\n\n\n\n<figure class=\"wp-block-image size-large\"><a href=\"https:\/\/www.foerderverein-herschwiesen.de\/wp-content\/uploads\/2024\/09\/Innenrenov_Fest500100.jpg\"><img loading=\"lazy\" decoding=\"async\" width=\"4928\" height=\"3288\" data-id=\"5795\" src=\"https:\/\/www.foerderverein-herschwiesen.de\/wp-content\/uploads\/2024\/09\/Innenrenov_Fest500100.jpg\" alt=\"\" class=\"wp-image-5795\"\/><\/a><\/figure>\n\n\n\n<figure class=\"wp-block-image size-large\"><a href=\"https:\/\/www.foerderverein-herschwiesen.de\/wp-content\/uploads\/2024\/09\/Innenrenov_Fest600100.jpg\"><img loading=\"lazy\" decoding=\"async\" width=\"3288\" height=\"4928\" data-id=\"5794\" src=\"https:\/\/www.foerderverein-herschwiesen.de\/wp-content\/uploads\/2024\/09\/Innenrenov_Fest600100.jpg\" alt=\"\" class=\"wp-image-5794\"\/><\/a><\/figure>\n\n\n\n<figure class=\"wp-block-image size-large\"><a href=\"https:\/\/www.foerderverein-herschwiesen.de\/wp-content\/uploads\/2024\/09\/Innenrenov_Fest700100.jpg\"><img loading=\"lazy\" decoding=\"async\" width=\"4928\" height=\"3288\" data-id=\"5791\" src=\"https:\/\/www.foerderverein-herschwiesen.de\/wp-content\/uploads\/2024\/09\/Innenrenov_Fest700100.jpg\" alt=\"\" class=\"wp-image-5791\"\/><\/a><\/figure>\n\n\n\n<figure class=\"wp-block-image size-large\"><a href=\"https:\/\/www.foerderverein-herschwiesen.de\/wp-content\/uploads\/2024\/09\/Innenrenov_Fest800100.jpg\"><img loading=\"lazy\" decoding=\"async\" width=\"3288\" height=\"4928\" data-id=\"5790\" src=\"https:\/\/www.foerderverein-herschwiesen.de\/wp-content\/uploads\/2024\/09\/Innenrenov_Fest800100.jpg\" alt=\"\" class=\"wp-image-5790\"\/><\/a><\/figure>\n\n\n\n<figure class=\"wp-block-image size-large\"><a href=\"https:\/\/www.foerderverein-herschwiesen.de\/wp-content\/uploads\/2024\/09\/Innenrenov_Fest900100.jpg\"><img loading=\"lazy\" decoding=\"async\" width=\"4928\" height=\"3288\" data-id=\"5792\" src=\"https:\/\/www.foerderverein-herschwiesen.de\/wp-content\/uploads\/2024\/09\/Innenrenov_Fest900100.jpg\" alt=\"\" class=\"wp-image-5792\"\/><\/a><\/figure>\n\n\n\n<figure class=\"wp-block-image size-large\"><a href=\"https:\/\/www.foerderverein-herschwiesen.de\/wp-content\/uploads\/2024\/09\/Innenrenov_Fest1000100.jpg\"><img loading=\"lazy\" decoding=\"async\" width=\"4928\" height=\"3288\" data-id=\"5797\" src=\"https:\/\/www.foerderverein-herschwiesen.de\/wp-content\/uploads\/2024\/09\/Innenrenov_Fest1000100.jpg\" alt=\"\" class=\"wp-image-5797\"\/><\/a><\/figure>\n\n\n\n<figure class=\"wp-block-image size-large\"><a href=\"https:\/\/www.foerderverein-herschwiesen.de\/wp-content\/uploads\/2024\/09\/Innenrenov_Fest1100100.jpg\"><img loading=\"lazy\" decoding=\"async\" width=\"3288\" height=\"4928\" data-id=\"5799\" src=\"https:\/\/www.foerderverein-herschwiesen.de\/wp-content\/uploads\/2024\/09\/Innenrenov_Fest1100100.jpg\" alt=\"\" class=\"wp-image-5799\"\/><\/a><\/figure>\n\n\n\n<figure class=\"wp-block-image size-large\"><a href=\"https:\/\/www.foerderverein-herschwiesen.de\/wp-content\/uploads\/2024\/09\/Innenrenov_Fest1200100.jpg\"><img loading=\"lazy\" decoding=\"async\" width=\"4928\" height=\"3288\" data-id=\"5804\" src=\"https:\/\/www.foerderverein-herschwiesen.de\/wp-content\/uploads\/2024\/09\/Innenrenov_Fest1200100.jpg\" alt=\"\" class=\"wp-image-5804\"\/><\/a><\/figure>\n\n\n\n<figure class=\"wp-block-image size-large\"><a href=\"https:\/\/www.foerderverein-herschwiesen.de\/wp-content\/uploads\/2024\/09\/Innenrenov_Fest1300100.jpg\"><img loading=\"lazy\" decoding=\"async\" width=\"4928\" height=\"3288\" data-id=\"5798\" src=\"https:\/\/www.foerderverein-herschwiesen.de\/wp-content\/uploads\/2024\/09\/Innenrenov_Fest1300100.jpg\" alt=\"\" class=\"wp-image-5798\"\/><\/a><\/figure>\n\n\n\n<figure class=\"wp-block-image size-large\"><a href=\"https:\/\/www.foerderverein-herschwiesen.de\/wp-content\/uploads\/2024\/09\/Innenrenov_Fest1400100.jpg\"><img loading=\"lazy\" decoding=\"async\" width=\"4928\" height=\"3288\" data-id=\"5802\" src=\"https:\/\/www.foerderverein-herschwiesen.de\/wp-content\/uploads\/2024\/09\/Innenrenov_Fest1400100.jpg\" alt=\"\" class=\"wp-image-5802\"\/><\/a><\/figure>\n\n\n\n<figure class=\"wp-block-image size-large\"><a href=\"https:\/\/www.foerderverein-herschwiesen.de\/wp-content\/uploads\/2024\/09\/Innenrenov_Fest1500100.jpg\"><img loading=\"lazy\" decoding=\"async\" width=\"4928\" height=\"3288\" data-id=\"5801\" src=\"https:\/\/www.foerderverein-herschwiesen.de\/wp-content\/uploads\/2024\/09\/Innenrenov_Fest1500100.jpg\" alt=\"\" class=\"wp-image-5801\"\/><\/a><\/figure>\n\n\n\n<figure class=\"wp-block-image size-large\"><a href=\"https:\/\/www.foerderverein-herschwiesen.de\/wp-content\/uploads\/2024\/09\/Innenrenov_Fest1600100.jpg\"><img loading=\"lazy\" decoding=\"async\" width=\"4928\" height=\"3288\" data-id=\"5800\" src=\"https:\/\/www.foerderverein-herschwiesen.de\/wp-content\/uploads\/2024\/09\/Innenrenov_Fest1600100.jpg\" alt=\"\" class=\"wp-image-5800\"\/><\/a><\/figure>\n\n\n\n<figure class=\"wp-block-image size-large\"><a href=\"https:\/\/www.foerderverein-herschwiesen.de\/wp-content\/uploads\/2024\/09\/Innenrenov_Fest1700100.jpg\"><img loading=\"lazy\" decoding=\"async\" width=\"4928\" height=\"3288\" data-id=\"5803\" src=\"https:\/\/www.foerderverein-herschwiesen.de\/wp-content\/uploads\/2024\/09\/Innenrenov_Fest1700100.jpg\" alt=\"\" class=\"wp-image-5803\"\/><\/a><\/figure>\n<\/figure>\n\n\n\n<h2 class=\"wp-block-heading\">Herr Dieler, der Vorsitzende des F\u00f6rdervereins, lie\u00df in seiner Ansprache am Ende des Festgottesdienstes die einzelnen Bauschritte nochmals Revue passieren. <br>Hier der Wortlaut seiner Ansprache:<\/h2>\n\n\n\n<figure class=\"wp-block-image size-full is-resized\"><a href=\"https:\/\/www.foerderverein-herschwiesen.de\/wp-content\/uploads\/2024\/09\/Grusswort_1_Aussensanierung.jpg\"><img loading=\"lazy\" decoding=\"async\" width=\"573\" height=\"841\" src=\"https:\/\/www.foerderverein-herschwiesen.de\/wp-content\/uploads\/2024\/09\/Grusswort_1_Aussensanierung.jpg\" alt=\"\" class=\"wp-image-5806\" style=\"width:655px;height:auto\"\/><\/a><\/figure>\n\n\n\n<figure class=\"wp-block-image size-full is-resized\"><a href=\"https:\/\/www.foerderverein-herschwiesen.de\/wp-content\/uploads\/2024\/09\/Grusswort_2_Aussensanierung-1.jpg\"><img loading=\"lazy\" decoding=\"async\" width=\"586\" height=\"770\" src=\"https:\/\/www.foerderverein-herschwiesen.de\/wp-content\/uploads\/2024\/09\/Grusswort_2_Aussensanierung-1.jpg\" alt=\"\" class=\"wp-image-5807\" style=\"width:669px;height:auto\"\/><\/a><\/figure>\n\n\n\n<p><br><\/p>\n","protected":false},"excerpt":{"rendered":"<p>Am 29. September feierte die Kirchengemeinde die Fertigstellung der Au\u00dfensanierung der Kirche St. Pankratius.Nach einer Folge von langen Sanierungsabschnitten, Innen- Pfarrhof- Ringmauer und kompletter Au\u00dfensanierung wurden alle Ma\u00dfnahmen mit Erfolg an diesem Tag gew\u00fcrdigt und gefeiert.Der Frauenchor Buchholz gestaltete die feierliche Messe mit und Herr Pastor Dumont fand passende Worte f\u00fcr die Vollendung der Ma\u00dfnahmen.Die [&hellip;]<\/p>\n","protected":false},"author":4,"featured_media":0,"parent":3106,"menu_order":7,"comment_status":"closed","ping_status":"closed","template":"","meta":{"footnotes":""},"class_list":["post-5783","page","type-page","status-publish","hentry"],"_links":{"self":[{"href":"https:\/\/www.foerderverein-herschwiesen.de\/index.php?rest_route=\/wp\/v2\/pages\/5783","targetHints":{"allow":["GET"]}}],"collection":[{"href":"https:\/\/www.foerderverein-herschwiesen.de\/index.php?rest_route=\/wp\/v2\/pages"}],"about":[{"href":"https:\/\/www.foerderverein-herschwiesen.de\/index.php?rest_route=\/wp\/v2\/types\/page"}],"author":[{"embeddable":true,"href":"https:\/\/www.foerderverein-herschwiesen.de\/index.php?rest_route=\/wp\/v2\/users\/4"}],"replies":[{"embeddable":true,"href":"https:\/\/www.foerderverein-herschwiesen.de\/index.php?rest_route=%2Fwp%2Fv2%2Fcomments&post=5783"}],"version-history":[{"count":14,"href":"https:\/\/www.foerderverein-herschwiesen.de\/index.php?rest_route=\/wp\/v2\/pages\/5783\/revisions"}],"predecessor-version":[{"id":5852,"href":"https:\/\/www.foerderverein-herschwiesen.de\/index.php?rest_route=\/wp\/v2\/pages\/5783\/revisions\/5852"}],"up":[{"embeddable":true,"href":"https:\/\/www.foerderverein-herschwiesen.de\/index.php?rest_route=\/wp\/v2\/pages\/3106"}],"wp:attachment":[{"href":"https:\/\/www.foerderverein-herschwiesen.de\/index.php?rest_route=%2Fwp%2Fv2%2Fmedia&parent=5783"}],"curies":[{"name":"wp","href":"https:\/\/api.w.org\/{rel}","templated":true}]}}