{"id":45,"date":"2015-01-13T16:14:58","date_gmt":"2015-01-13T15:14:58","guid":{"rendered":"http:\/\/innenrestaurierung-pfarrkirche-herschwiesen.de\/wordpress\/?page_id=45"},"modified":"2015-01-14T09:31:18","modified_gmt":"2015-01-14T08:31:18","slug":"04-april-2011","status":"publish","type":"page","link":"https:\/\/www.foerderverein-herschwiesen.de\/?page_id=45","title":{"rendered":"04. April 2011"},"content":{"rendered":"<p><strong>Bautagebuch<\/strong><\/p>\n<p>Am 04.April 2011 beginnt die R\u00e4umung der Kirche.<br \/>\nFlei\u00dfige M\u00e4nner helfen zun\u00e4chst beim Ausbau des Windfangs und der schweren Holzt\u00fcren.<br \/>\nAnschlie\u00dfend werden die sehenswerten Kirchenb\u00e4nke mit ihren barocken Zierschnitzereien nummeriert und ins Freie gebracht.<br \/>\nBesonders schwer war der Beichtstuhl. Er d\u00fcrfte wohl seit \u00fcber 100 Jahren zum ersten Mal die Kirche verlassen haben.<br \/>\nAlle M\u00f6bel wurden in einem gro\u00dfen Lager sachgerecht verstaut.<\/p>\n<p><a href=\"https:\/\/www.foerderverein-herschwiesen.de\/wp-content\/uploads\/2015\/01\/008-4.4.11-69.jpg\"><img loading=\"lazy\" decoding=\"async\" class=\"alignnone wp-image-47\" src=\"https:\/\/www.foerderverein-herschwiesen.de\/wp-content\/uploads\/2015\/01\/008-4.4.11-69.jpg\" alt=\"008  4.4.11 (69)\" width=\"200\" height=\"150\" \/><\/a>\u00a0\u00a0\u00a0 <a href=\"https:\/\/www.foerderverein-herschwiesen.de\/wp-content\/uploads\/2015\/01\/009-4.4.11-70.jpg\"><img loading=\"lazy\" decoding=\"async\" class=\"alignnone wp-image-48\" src=\"https:\/\/www.foerderverein-herschwiesen.de\/wp-content\/uploads\/2015\/01\/009-4.4.11-70.jpg\" alt=\"009  4.4.11 (70)\" width=\"200\" height=\"150\" \/><\/a><br \/>\n<a href=\"https:\/\/www.foerderverein-herschwiesen.de\/wp-content\/uploads\/2015\/01\/019-4.4.11-132.jpg\"><br \/>\n<\/a><span style=\"font-family: Arial;\"><span style=\"font-size: small;\"><a href=\"https:\/\/www.foerderverein-herschwiesen.de\/wp-content\/uploads\/2015\/01\/010-4.4.11-71.jpg\"><img loading=\"lazy\" decoding=\"async\" class=\"alignnone wp-image-49\" src=\"https:\/\/www.foerderverein-herschwiesen.de\/wp-content\/uploads\/2015\/01\/010-4.4.11-71.jpg\" alt=\"010  4.4.11 (71)\" width=\"200\" height=\"267\" \/><\/a> \u00a0\u00a0 <\/span><\/span><span style=\"font-family: Arial;\"><span style=\"font-size: small;\"><a href=\"https:\/\/www.foerderverein-herschwiesen.de\/wp-content\/uploads\/2015\/01\/011-4.4.11-72.jpg\"><img loading=\"lazy\" decoding=\"async\" class=\"alignnone wp-image-50\" src=\"https:\/\/www.foerderverein-herschwiesen.de\/wp-content\/uploads\/2015\/01\/011-4.4.11-72.jpg\" alt=\"011  4.4.11 (72)\" width=\"200\" height=\"267\" \/><\/a><\/span><\/span><\/p>\n<p><span style=\"font-family: Arial;\"><span style=\"font-size: small;\"><a href=\"https:\/\/www.foerderverein-herschwiesen.de\/wp-content\/uploads\/2015\/01\/016-4.4.11-113.jpg\"><img loading=\"lazy\" decoding=\"async\" class=\"alignnone wp-image-55\" src=\"https:\/\/www.foerderverein-herschwiesen.de\/wp-content\/uploads\/2015\/01\/016-4.4.11-113.jpg\" alt=\"016  4.4.11 (113)\" width=\"200\" height=\"150\" \/><\/a>\u00a0\u00a0\u00a0 <\/span><\/span><span style=\"font-family: Arial;\"><span style=\"font-size: small;\"><img loading=\"lazy\" decoding=\"async\" class=\"alignnone wp-image-51\" src=\"https:\/\/www.foerderverein-herschwiesen.de\/wp-content\/uploads\/2015\/01\/012-4.4.11-79.jpg\" alt=\"012  4.4.11 (79)\" width=\"200\" height=\"150\" \/>\u00a0 <\/span><\/span><\/p>\n<p><span style=\"font-family: Arial;\"><span style=\"font-size: small;\"><a href=\"https:\/\/www.foerderverein-herschwiesen.de\/wp-content\/uploads\/2015\/01\/013-4.4.11-81.jpg\"><img loading=\"lazy\" decoding=\"async\" class=\"alignnone wp-image-52\" src=\"https:\/\/www.foerderverein-herschwiesen.de\/wp-content\/uploads\/2015\/01\/013-4.4.11-81.jpg\" alt=\"013  4.4.11 (81)\" width=\"200\" height=\"150\" \/><\/a> \u00a0\u00a0 <\/span><\/span><span style=\"font-family: Arial;\"><span style=\"font-size: small;\"><a href=\"https:\/\/www.foerderverein-herschwiesen.de\/wp-content\/uploads\/2015\/01\/015-4.4.11-112.jpg\"><img loading=\"lazy\" decoding=\"async\" class=\"alignnone wp-image-54\" src=\"https:\/\/www.foerderverein-herschwiesen.de\/wp-content\/uploads\/2015\/01\/015-4.4.11-112.jpg\" alt=\"015  4.4.11 (112)\" width=\"200\" height=\"150\" \/><\/a><\/span><\/span><\/p>\n<p><span style=\"font-family: Arial;\"><span style=\"font-size: small;\"><a href=\"https:\/\/www.foerderverein-herschwiesen.de\/wp-content\/uploads\/2015\/01\/017-4.4.11-115.jpg\"><img loading=\"lazy\" decoding=\"async\" class=\"alignnone wp-image-56\" src=\"https:\/\/www.foerderverein-herschwiesen.de\/wp-content\/uploads\/2015\/01\/017-4.4.11-115.jpg\" alt=\"017  4.4.11 (115)\" width=\"200\" height=\"150\" \/><\/a> \u00a0\u00a0 <\/span><\/span><span style=\"font-family: Arial;\"><span style=\"font-size: small;\"><a href=\"https:\/\/www.foerderverein-herschwiesen.de\/wp-content\/uploads\/2015\/01\/020-4.4.11-135.jpg\"><img loading=\"lazy\" decoding=\"async\" class=\"alignnone wp-image-46\" src=\"https:\/\/www.foerderverein-herschwiesen.de\/wp-content\/uploads\/2015\/01\/020-4.4.11-135.jpg\" alt=\"020 4.4.11 (135)\" width=\"200\" height=\"150\" \/><\/a><\/span><\/span><\/p>\n<p><span style=\"font-family: Arial;\"><span style=\"font-size: small;\"><a href=\"https:\/\/www.foerderverein-herschwiesen.de\/wp-content\/uploads\/2015\/01\/019-4.4.11-132.jpg\"><img loading=\"lazy\" decoding=\"async\" class=\"alignnone wp-image-58\" src=\"https:\/\/www.foerderverein-herschwiesen.de\/wp-content\/uploads\/2015\/01\/019-4.4.11-132.jpg\" alt=\"019  4.4.11 (132)\" width=\"200\" height=\"267\" \/><\/a>\u00a0 \u00a0 <a href=\"https:\/\/www.foerderverein-herschwiesen.de\/wp-content\/uploads\/2015\/01\/018-4.4.11-127.jpg\"><img loading=\"lazy\" decoding=\"async\" class=\"alignnone wp-image-57\" src=\"https:\/\/www.foerderverein-herschwiesen.de\/wp-content\/uploads\/2015\/01\/018-4.4.11-127.jpg\" alt=\"018  4.4.11 (127)\" width=\"200\" height=\"150\" \/><\/a><br \/>\n<\/span><\/span><\/p>\n","protected":false},"excerpt":{"rendered":"<p>Bautagebuch Am 04.April 2011 beginnt die R\u00e4umung der Kirche. Flei\u00dfige M\u00e4nner helfen zun\u00e4chst beim Ausbau des Windfangs und der schweren Holzt\u00fcren. Anschlie\u00dfend werden die sehenswerten Kirchenb\u00e4nke mit ihren barocken Zierschnitzereien nummeriert und ins Freie gebracht. Besonders schwer war der Beichtstuhl. Er d\u00fcrfte wohl seit \u00fcber 100 Jahren zum ersten Mal die Kirche verlassen haben. Alle [&hellip;]<\/p>\n","protected":false},"author":3,"featured_media":0,"parent":30,"menu_order":1,"comment_status":"closed","ping_status":"open","template":"","meta":{"footnotes":""},"class_list":["post-45","page","type-page","status-publish","hentry"],"_links":{"self":[{"href":"https:\/\/www.foerderverein-herschwiesen.de\/index.php?rest_route=\/wp\/v2\/pages\/45","targetHints":{"allow":["GET"]}}],"collection":[{"href":"https:\/\/www.foerderverein-herschwiesen.de\/index.php?rest_route=\/wp\/v2\/pages"}],"about":[{"href":"https:\/\/www.foerderverein-herschwiesen.de\/index.php?rest_route=\/wp\/v2\/types\/page"}],"author":[{"embeddable":true,"href":"https:\/\/www.foerderverein-herschwiesen.de\/index.php?rest_route=\/wp\/v2\/users\/3"}],"replies":[{"embeddable":true,"href":"https:\/\/www.foerderverein-herschwiesen.de\/index.php?rest_route=%2Fwp%2Fv2%2Fcomments&post=45"}],"version-history":[{"count":6,"href":"https:\/\/www.foerderverein-herschwiesen.de\/index.php?rest_route=\/wp\/v2\/pages\/45\/revisions"}],"predecessor-version":[{"id":115,"href":"https:\/\/www.foerderverein-herschwiesen.de\/index.php?rest_route=\/wp\/v2\/pages\/45\/revisions\/115"}],"up":[{"embeddable":true,"href":"https:\/\/www.foerderverein-herschwiesen.de\/index.php?rest_route=\/wp\/v2\/pages\/30"}],"wp:attachment":[{"href":"https:\/\/www.foerderverein-herschwiesen.de\/index.php?rest_route=%2Fwp%2Fv2%2Fmedia&parent=45"}],"curies":[{"name":"wp","href":"https:\/\/api.w.org\/{rel}","templated":true}]}}