{"id":3160,"date":"2018-07-31T13:06:43","date_gmt":"2018-07-31T11:06:43","guid":{"rendered":"http:\/\/innenrestaurierung-pfarrkirche-herschwiesen.de\/wordpress\/?page_id=3160"},"modified":"2022-03-23T11:18:54","modified_gmt":"2022-03-23T10:18:54","slug":"links","status":"publish","type":"page","link":"https:\/\/www.foerderverein-herschwiesen.de\/?page_id=3160","title":{"rendered":"Links"},"content":{"rendered":"<p><b>Mit den hier aufgef\u00fchrten Links verlassen Sie die <\/b><b>Internetpr\u00e4senz des<br \/>\nF\u00f6rdervereins St. Pankratius, daher \u00f6ffnen sich die Links in einem neuen Fenster.<br \/>\nF\u00fcr die Inhalte fremder Internetseiten \u00fcbernehmen wir keine Haftung, diese liegen alleine beim jeweiligen Seitenbetreiber.<\/b>:<\/p>\n<table width=\"590\">\n<tbody>\n<tr>\n<td>\n<h2><a title=\"Pfarrei Buchholz\" href=\"https:\/\/mittelrhein-sanktjosef.de\/Pfarreiengemeinschaft-Boppard\" target=\"_blank\" rel=\"noopener\"><span style=\"color: #2e6170;\"><span style=\"color: #2e6f70;\">Pfarrei Mittelrhein, St. Josef<\/span><\/span><\/a><\/h2>\n<\/td>\n<td><\/td>\n<td>\n<h3><a href=\"https:\/\/mittelrhein-sanktjosef.de\/Pfarreiengemeinschaft-Boppard\" target=\"_blank\" rel=\"noopener\"><img loading=\"lazy\" decoding=\"async\" class=\"alignnone wp-image-4920 size-medium\" src=\"https:\/\/www.foerderverein-herschwiesen.de\/wp-content\/uploads\/2022\/03\/Logo_Mittelrhein-300x85.jpg\" alt=\"\" width=\"300\" height=\"85\" srcset=\"https:\/\/www.foerderverein-herschwiesen.de\/wp-content\/uploads\/2022\/03\/Logo_Mittelrhein-300x85.jpg 300w, https:\/\/www.foerderverein-herschwiesen.de\/wp-content\/uploads\/2022\/03\/Logo_Mittelrhein.jpg 569w\" sizes=\"auto, (max-width: 300px) 100vw, 300px\" \/><\/a><\/h3>\n<\/td>\n<\/tr>\n<tr>\n<td width=\"247\">\n<h2><span style=\"color: #2e6f70;\"><a style=\"color: #2e6f70;\" title=\"Pfarrei Herschwiesen\" href=\"http:\/\/www.pfarrei-herschwiesen.de\" target=\"_blank\" rel=\"noopener\"><span style=\"color: #2e6f70;\">Pfarrei Herschwiesen<\/span><\/a><\/span><\/h2>\n<\/td>\n<td width=\"20\"><\/td>\n<td width=\"323\">\n<h3><a href=\"http:\/\/www.pfarrei-herschwiesen.de\/\"><img loading=\"lazy\" decoding=\"async\" class=\"alignnone size-medium wp-image-2775\" src=\"https:\/\/www.foerderverein-herschwiesen.de\/wp-content\/uploads\/2015\/03\/Link_Herschwiesen-229x300.jpg\" alt=\"\" width=\"229\" height=\"300\" srcset=\"https:\/\/www.foerderverein-herschwiesen.de\/wp-content\/uploads\/2015\/03\/Link_Herschwiesen-229x300.jpg 229w, https:\/\/www.foerderverein-herschwiesen.de\/wp-content\/uploads\/2015\/03\/Link_Herschwiesen.jpg 262w\" sizes=\"auto, (max-width: 229px) 100vw, 229px\" \/><\/a><\/h3>\n<\/td>\n<\/tr>\n<tr>\n<td>\n<h2><span style=\"color: #2e6f70;\"><a style=\"color: #2e6f70;\" title=\"Pfarrei Buchholz\" href=\"http:\/\/www.pfarrei-buchholz.de\" target=\"_blank\" rel=\"noopener\">Pfarrei Buchholz<\/a><\/span><\/h2>\n<\/td>\n<td><\/td>\n<td>\n<h3><a href=\"http:\/\/www.pfarrei-buchholz.de\/\"><img loading=\"lazy\" decoding=\"async\" class=\"alignnone size-medium wp-image-2779\" src=\"https:\/\/www.foerderverein-herschwiesen.de\/wp-content\/uploads\/2015\/03\/Link_Buchholz-300x180.jpg\" alt=\"\" width=\"300\" height=\"180\" srcset=\"https:\/\/www.foerderverein-herschwiesen.de\/wp-content\/uploads\/2015\/03\/Link_Buchholz-300x180.jpg 300w, https:\/\/www.foerderverein-herschwiesen.de\/wp-content\/uploads\/2015\/03\/Link_Buchholz.jpg 373w\" sizes=\"auto, (max-width: 300px) 100vw, 300px\" \/><\/a><\/h3>\n<\/td>\n<\/tr>\n<\/tbody>\n<\/table>\n<h3><\/h3>\n","protected":false},"excerpt":{"rendered":"<p>Mit den hier aufgef\u00fchrten Links verlassen Sie die Internetpr\u00e4senz des F\u00f6rdervereins St. Pankratius, daher \u00f6ffnen sich die Links in einem neuen Fenster. F\u00fcr die Inhalte fremder Internetseiten \u00fcbernehmen wir keine Haftung, diese liegen alleine beim jeweiligen Seitenbetreiber.: Pfarrei Mittelrhein, St. Josef Pfarrei Herschwiesen Pfarrei Buchholz<\/p>\n","protected":false},"author":4,"featured_media":0,"parent":0,"menu_order":8,"comment_status":"closed","ping_status":"closed","template":"","meta":{"footnotes":""},"class_list":["post-3160","page","type-page","status-publish","hentry"],"_links":{"self":[{"href":"https:\/\/www.foerderverein-herschwiesen.de\/index.php?rest_route=\/wp\/v2\/pages\/3160","targetHints":{"allow":["GET"]}}],"collection":[{"href":"https:\/\/www.foerderverein-herschwiesen.de\/index.php?rest_route=\/wp\/v2\/pages"}],"about":[{"href":"https:\/\/www.foerderverein-herschwiesen.de\/index.php?rest_route=\/wp\/v2\/types\/page"}],"author":[{"embeddable":true,"href":"https:\/\/www.foerderverein-herschwiesen.de\/index.php?rest_route=\/wp\/v2\/users\/4"}],"replies":[{"embeddable":true,"href":"https:\/\/www.foerderverein-herschwiesen.de\/index.php?rest_route=%2Fwp%2Fv2%2Fcomments&post=3160"}],"version-history":[{"count":11,"href":"https:\/\/www.foerderverein-herschwiesen.de\/index.php?rest_route=\/wp\/v2\/pages\/3160\/revisions"}],"predecessor-version":[{"id":4936,"href":"https:\/\/www.foerderverein-herschwiesen.de\/index.php?rest_route=\/wp\/v2\/pages\/3160\/revisions\/4936"}],"wp:attachment":[{"href":"https:\/\/www.foerderverein-herschwiesen.de\/index.php?rest_route=%2Fwp%2Fv2%2Fmedia&parent=3160"}],"curies":[{"name":"wp","href":"https:\/\/api.w.org\/{rel}","templated":true}]}}