{"id":290,"date":"2015-03-21T13:24:27","date_gmt":"2015-03-21T12:24:27","guid":{"rendered":"http:\/\/innenrestaurierung-pfarrkirche-herschwiesen.de\/wordpress\/?page_id=290"},"modified":"2016-01-20T19:59:54","modified_gmt":"2016-01-20T18:59:54","slug":"orgel","status":"publish","type":"page","link":"https:\/\/www.foerderverein-herschwiesen.de\/?page_id=290","title":{"rendered":"Orgel (2015 abgeschlossen)"},"content":{"rendered":"<h6><\/h6>\n<h6><a href=\"https:\/\/www.foerderverein-herschwiesen.de\/wp-content\/uploads\/2015\/03\/Orgel_Bild.jpg\"><img loading=\"lazy\" decoding=\"async\" class=\" size-medium wp-image-1326 alignright\" src=\"https:\/\/www.foerderverein-herschwiesen.de\/wp-content\/uploads\/2015\/03\/Orgel_Bild-225x300.jpg\" alt=\"Orgel_Bild\" width=\"225\" height=\"300\" srcset=\"https:\/\/www.foerderverein-herschwiesen.de\/wp-content\/uploads\/2015\/03\/Orgel_Bild-225x300.jpg 225w, https:\/\/www.foerderverein-herschwiesen.de\/wp-content\/uploads\/2015\/03\/Orgel_Bild.jpg 477w\" sizes=\"auto, (max-width: 225px) 100vw, 225px\" \/><\/a><\/h6>\n<p><strong>Die Orgel in der Pfarrkirche wird saniert<\/strong><\/p>\n<p>Gerade ist die umfangreiche und kostentr\u00e4chtige Restaurierung der Pfarrkirche Herschwiesen beendet, da steht der Pfarrgemeinde bereits die n\u00e4chste gro\u00dfe finanzielle Herausforderung bevor. Die aus dem Jahre 1783 stammende Orgel, zuletzt restauriert im Jahre 1977, bedarf dringend einer erneuten Renovierung. Der Verwaltungsrat hat sich nach Beratung mit dem Orgelsachverst\u00e4ndigen des Bistums und der Einholung von mehreren Angeboten daf\u00fcr entschieden, die Arbeiten an die Orgelbaufirma Hugo Mayer aus Heusweiler im Saarland zu vergeben. Die Firma f\u00fchrte bisher schon die regelm\u00e4\u00dfigen Wartungen durch.<\/p>\n<p>Der Auftrag umfasst neben der Pilzbek\u00e4mpfung auch die Reinigung und Bel\u00fcftung des Orgelgeh\u00e4uses und die Zug\u00e4nglichkeit f\u00fcr Stimm- und Wartungsarbeiten, wobei das auf engstem Raum im Untergeh\u00e4use eingebaute Pedalwerk umgearbeitet werden muss. Zur Verhinderung von Feuchtigkeitsbildung werden u.a. Heizl\u00fcfter im Untergeh\u00e4use eingebaut, die Geh\u00e4usef\u00fcllungen mit L\u00fcftungsgitter versehen und ein sicherer Stimmgang hinter dem Manualwerk montiert sowie eine Umpositionierung des Pedalwerkes auf eine neue Windlade hinter der Orgel vorgenommen. Die por\u00f6sen Balgmanschetten m\u00fcssen erneuert werden. Au\u00dferdem wird die Pedalklaviatur ausgebaut und in der Werkstatt in Heusweiler \u00fcberarbeitet.<\/p>\n<p>Die Kosten f\u00fcr die umfangreiche Ma\u00dfnahme belaufen sich auf rund 52.000 Euro und m\u00fcssen von der Kirchengemeinde Herschwiesen finanziert werden Trotzdem hat sich der Verwaltungsrat f\u00fcr die Durchf\u00fchrung der Ma\u00dfnahme entschieden, um das, was unsere Vorfahren sicherlich unter gro\u00dfen Entbehrungen vor vielen Jahren geschaffen und in der Zwischenzeit unterhalten haben, auch f\u00fcr unsere Nachfahren zu sichern.<\/p>\n<p>Ein Grundstock f\u00fcr die Finanzierung konnte durch Zuwendungen des F\u00f6rdervereins und einer Spende von der Stiftung der Kreissparkasse Rhein-Hunsr\u00fcck sowie der VOBA Rhein-Nahe-Hunsr\u00fcck bereits gebildet werden. Allerdings reicht das f\u00fcr die gesamte Finanzierung bei weitem nicht aus, so dass eine Unterst\u00fctzung durch die Pfarrangeh\u00f6rigen erforderlich ist. Daher erbittet der Verwaltungsrat Spenden auf das Konto bei der KSK Rhein-Hunsr\u00fcck Nr.\/IBAN DE825605 17900008803595 oder bei der Volksbank Rhein-Nahe-Hunsr\u00fcck, Nr. IBAN DE88 5609 0000 0000 660826. Daf\u00fcr werden auf Wunsch Bescheinigungen zur steuerlichen Abzugsf\u00e4higkeit ausgestellt.<\/p>\n<p>Die Vorarbeiten werden derzeit schon in der Werkstatt der Firma Hugo Mayer durchgef\u00fchrt und ab Ende Oktober soll dann mit der Renovierung in der Pfarrkirche begonnen werden. Dies erfordert die Schlie\u00dfung der Empore f\u00fcr die Kirchenbesucher bis zu Fertigstellung. Es ist vorgesehen, die Arbeiten vor Weihnachten zu beenden und dann die &#8222;neue&#8220; Orgel in einem Festgottesdienst wieder in Betrieb zu nehmen. In der \u00dcbergangszeit wird ein Harmonium im Kirchenschiff der Pfarrkirche aufgestellt, auf dem der Organist dann die Gottesdienste begleitet.<\/p>\n<p>Der Verwaltungsrat ist zuversichtlich, das die Mitglieder unserer Pfarrei die Ma\u00dfnahme &#8222;Orgelrenovierung&#8220; finanziell unterst\u00fctzen, damit der vollst\u00e4ndig restaurierte Innenraum der Pfarrkirche f\u00fcr die Gottesdienste, Hochzeitsfeste, Konzerte etc. wieder in einem gut restaurierten Zustand zur Verf\u00fcgung steht. Im Voraus besten Dank. Auf unserer Internetseite &#8222;Innenrestaurierung- Pfarrkirche-Herschwiesen\u201c wird \u00fcber den Fortgang der Ma\u00dfnahme informiert.<\/p>\n<p>&nbsp;<\/p>\n","protected":false},"excerpt":{"rendered":"<p>Die Orgel in der Pfarrkirche wird saniert Gerade ist die umfangreiche und kostentr\u00e4chtige Restaurierung der Pfarrkirche Herschwiesen beendet, da steht der Pfarrgemeinde bereits die n\u00e4chste gro\u00dfe finanzielle Herausforderung bevor. Die aus dem Jahre 1783 stammende Orgel, zuletzt restauriert im Jahre 1977, bedarf dringend einer erneuten Renovierung. Der Verwaltungsrat hat sich nach Beratung mit dem Orgelsachverst\u00e4ndigen [&hellip;]<\/p>\n","protected":false},"author":3,"featured_media":0,"parent":41,"menu_order":2,"comment_status":"closed","ping_status":"closed","template":"","meta":{"footnotes":""},"class_list":["post-290","page","type-page","status-publish","hentry"],"_links":{"self":[{"href":"https:\/\/www.foerderverein-herschwiesen.de\/index.php?rest_route=\/wp\/v2\/pages\/290","targetHints":{"allow":["GET"]}}],"collection":[{"href":"https:\/\/www.foerderverein-herschwiesen.de\/index.php?rest_route=\/wp\/v2\/pages"}],"about":[{"href":"https:\/\/www.foerderverein-herschwiesen.de\/index.php?rest_route=\/wp\/v2\/types\/page"}],"author":[{"embeddable":true,"href":"https:\/\/www.foerderverein-herschwiesen.de\/index.php?rest_route=\/wp\/v2\/users\/3"}],"replies":[{"embeddable":true,"href":"https:\/\/www.foerderverein-herschwiesen.de\/index.php?rest_route=%2Fwp%2Fv2%2Fcomments&post=290"}],"version-history":[{"count":10,"href":"https:\/\/www.foerderverein-herschwiesen.de\/index.php?rest_route=\/wp\/v2\/pages\/290\/revisions"}],"predecessor-version":[{"id":1628,"href":"https:\/\/www.foerderverein-herschwiesen.de\/index.php?rest_route=\/wp\/v2\/pages\/290\/revisions\/1628"}],"up":[{"embeddable":true,"href":"https:\/\/www.foerderverein-herschwiesen.de\/index.php?rest_route=\/wp\/v2\/pages\/41"}],"wp:attachment":[{"href":"https:\/\/www.foerderverein-herschwiesen.de\/index.php?rest_route=%2Fwp%2Fv2%2Fmedia&parent=290"}],"curies":[{"name":"wp","href":"https:\/\/api.w.org\/{rel}","templated":true}]}}