{"id":22,"date":"2015-01-13T13:43:24","date_gmt":"2015-01-13T12:43:24","guid":{"rendered":"http:\/\/innenrestaurierung-pfarrkirche-herschwiesen.de\/wordpress\/?page_id=22"},"modified":"2019-03-05T18:20:56","modified_gmt":"2019-03-05T17:20:56","slug":"spenden","status":"publish","type":"page","link":"https:\/\/www.foerderverein-herschwiesen.de\/?page_id=22","title":{"rendered":"Unsere Bankverbindungen"},"content":{"rendered":"<table border=\"0\" width=\"60%\" cellspacing=\"0\" cellpadding=\"0\">\n<tbody>\n<tr>\n<td colspan=\"2\" width=\"100%\">\n<div class=\"n module-type-header diyfeLiveArea \">\n<h1><span style=\"color: #000000;\"><span class=\"diyfeDecoration\">Spenden f\u00fcr einen guten Zweck!<br \/>\n<\/span>Jede Spende hilft uns weiter !!!<\/span><\/h1>\n<\/div>\n<div class=\"n module-type-text diyfeLiveArea \">\n<h4><span style=\"color: #000000;\">Die ben\u00f6tigten Finanzmittel k\u00f6nnen nur zum Teil aus Mitgliedsbeitr\u00e4gen kommen.<br \/>\nZur Finanzierung gr\u00f6\u00dferer Projekte sind wir auf Spenden angewiesen.<br \/>\n<\/span><span style=\"color: #000000;\">Sie k\u00f6nnen sicher sein, da\u00df jeder EURO in die jeweilige F\u00f6rderma\u00dfnahme flie\u00dfen wird, denn alle die sich f\u00fcr den F\u00f6rderverein einsetzen, arbeiten ehrenamtlich und es fallen keine Verwaltungskosten an.<\/span><\/h4>\n<\/div>\n<\/td>\n<\/tr>\n<tr>\n<td colspan=\"2\" width=\"100%\">\n<h5><span style=\"color: #000000;\"><b><b><span style=\"font-family: Arial; font-size: small;\">Bank- und Spendenkonten:<\/span><\/b><\/b><\/span><br \/>\n<span style=\"color: #000000;\"> (Auf Wunsch stellen wir Ihnen eine Spendenquittung aus.)<\/span><\/h5>\n<\/td>\n<\/tr>\n<tr>\n<td colspan=\"2\" width=\"100%\"><span style=\"color: #000000;\"><b><span style=\"font-family: Arial; font-size: small;\"> KSK Rhein-Hunsr\u00fcck<\/span><\/b><\/span><\/td>\n<\/tr>\n<tr>\n<td width=\"40%\"><span style=\"font-family: Arial; font-size: small; color: #000000;\">IBAN:<\/span><\/td>\n<td width=\"60%\"><span style=\"font-family: Arial; font-size: small; color: #000000;\">DE82 5605 1790 0008 8035 95<\/span><\/td>\n<\/tr>\n<tr>\n<td width=\"40%\"><span style=\"font-family: Arial; font-size: small; color: #000000;\">BIC:<\/span><\/td>\n<td width=\"60%\"><span style=\"font-family: Arial; font-size: small; color: #000000;\">MALADE51SIM<\/span><\/td>\n<\/tr>\n<tr>\n<td width=\"40%\"><\/td>\n<td width=\"60%\"><\/td>\n<\/tr>\n<tr>\n<td colspan=\"2\" width=\"100%\"><span style=\"color: #000000;\"><b><span style=\"font-family: Arial; font-size: small;\"> Volksbank Rhein-Nahe-Hunsr\u00fcck eG<\/span><\/b><\/span><\/td>\n<\/tr>\n<tr>\n<td width=\"40%\"><span style=\"font-family: Arial; font-size: small; color: #000000;\">IBAN<\/span><\/td>\n<td width=\"60%\"><span style=\"font-family: Arial; font-size: small; color: #000000;\">DE88 5609 0000 0000 6608 26<\/span><\/td>\n<\/tr>\n<tr>\n<td width=\"40%\"><span style=\"font-family: Arial; font-size: small; color: #000000;\">BIC:<\/span><\/td>\n<td width=\"60%\"><span style=\"font-family: Arial; font-size: small; color: #000000;\">GENODE51KRE<\/span><\/td>\n<\/tr>\n<\/tbody>\n<\/table>\n","protected":false},"excerpt":{"rendered":"<p>Spenden f\u00fcr einen guten Zweck! Jede Spende hilft uns weiter !!! Die ben\u00f6tigten Finanzmittel k\u00f6nnen nur zum Teil aus Mitgliedsbeitr\u00e4gen kommen. Zur Finanzierung gr\u00f6\u00dferer Projekte sind wir auf Spenden angewiesen. Sie k\u00f6nnen sicher sein, da\u00df jeder EURO in die jeweilige F\u00f6rderma\u00dfnahme flie\u00dfen wird, denn alle die sich f\u00fcr den F\u00f6rderverein einsetzen, arbeiten ehrenamtlich und es [&hellip;]<\/p>\n","protected":false},"author":3,"featured_media":0,"parent":2,"menu_order":3,"comment_status":"closed","ping_status":"closed","template":"","meta":{"footnotes":""},"class_list":["post-22","page","type-page","status-publish","hentry"],"_links":{"self":[{"href":"https:\/\/www.foerderverein-herschwiesen.de\/index.php?rest_route=\/wp\/v2\/pages\/22","targetHints":{"allow":["GET"]}}],"collection":[{"href":"https:\/\/www.foerderverein-herschwiesen.de\/index.php?rest_route=\/wp\/v2\/pages"}],"about":[{"href":"https:\/\/www.foerderverein-herschwiesen.de\/index.php?rest_route=\/wp\/v2\/types\/page"}],"author":[{"embeddable":true,"href":"https:\/\/www.foerderverein-herschwiesen.de\/index.php?rest_route=\/wp\/v2\/users\/3"}],"replies":[{"embeddable":true,"href":"https:\/\/www.foerderverein-herschwiesen.de\/index.php?rest_route=%2Fwp%2Fv2%2Fcomments&post=22"}],"version-history":[{"count":14,"href":"https:\/\/www.foerderverein-herschwiesen.de\/index.php?rest_route=\/wp\/v2\/pages\/22\/revisions"}],"predecessor-version":[{"id":3648,"href":"https:\/\/www.foerderverein-herschwiesen.de\/index.php?rest_route=\/wp\/v2\/pages\/22\/revisions\/3648"}],"up":[{"embeddable":true,"href":"https:\/\/www.foerderverein-herschwiesen.de\/index.php?rest_route=\/wp\/v2\/pages\/2"}],"wp:attachment":[{"href":"https:\/\/www.foerderverein-herschwiesen.de\/index.php?rest_route=%2Fwp%2Fv2%2Fmedia&parent=22"}],"curies":[{"name":"wp","href":"https:\/\/api.w.org\/{rel}","templated":true}]}}