{"id":1621,"date":"2017-11-20T19:37:32","date_gmt":"2017-11-20T18:37:32","guid":{"rendered":"http:\/\/innenrestaurierung-pfarrkirche-herschwiesen.de\/wordpress\/?page_id=1621"},"modified":"2019-10-03T12:42:43","modified_gmt":"2019-10-03T10:42:43","slug":"ringmauer-in-planung","status":"publish","type":"page","link":"https:\/\/www.foerderverein-herschwiesen.de\/?page_id=1621","title":{"rendered":"Ringmauer (2017 abgeschlossen)"},"content":{"rendered":"<h1>Bitte beachten Sie auch unser Bautagebuch:<\/h1>\n<h1><span style=\"text-decoration: underline;\"><span style=\"color: #0000ff; text-decoration: underline;\">Ringmauer<\/span><\/span><\/h1>\n<h1><span style=\"text-decoration: underline;\"><span style=\"color: #0000ff; text-decoration: underline;\">M\u00e4rz 2017:<\/span><\/span><\/h1>\n<h1><span style=\"text-decoration: underline; color: #808000;\">Wir beginnen am 27. M\u00e4rz mit dem 1. Bauababschnitt.<\/span><br \/>\n<span style=\"color: #ff0000;\"><span style=\"color: #808000;\">(Abschnitt 9, in Rot&nbsp; markiert)<\/span><br \/>\n<span style=\"color: #808000;\"> Je nach Anforderung an die Fl\u00e4che oder Geb\u00e4ude werden die Arbeiten an den einzelnen Abschnitten im Plan ausgef\u00fchrt. Das muss nicht nach der Reihenfolge der vom Architekten festgelegten Abschnittsnummerierung erfolgen.<\/span><br \/>\n<\/span><\/h1>\n<p><span style=\"color: #ff0000;\"><a style=\"color: #ff0000;\" href=\"https:\/\/www.foerderverein-herschwiesen.de\/wp-content\/uploads\/2017\/02\/Plan_Ringmauer_Bauabasch_1.jpg\"><img loading=\"lazy\" decoding=\"async\" class=\"alignnone wp-image-2469 size-large\" src=\"https:\/\/www.foerderverein-herschwiesen.de\/wp-content\/uploads\/2017\/02\/Plan_Ringmauer_Bauabasch_1-1024x725.jpg\" alt=\"\" width=\"625\" height=\"443\" srcset=\"https:\/\/www.foerderverein-herschwiesen.de\/wp-content\/uploads\/2017\/02\/Plan_Ringmauer_Bauabasch_1-1024x725.jpg 1024w, https:\/\/www.foerderverein-herschwiesen.de\/wp-content\/uploads\/2017\/02\/Plan_Ringmauer_Bauabasch_1-300x212.jpg 300w, https:\/\/www.foerderverein-herschwiesen.de\/wp-content\/uploads\/2017\/02\/Plan_Ringmauer_Bauabasch_1-768x543.jpg 768w, https:\/\/www.foerderverein-herschwiesen.de\/wp-content\/uploads\/2017\/02\/Plan_Ringmauer_Bauabasch_1-624x441.jpg 624w, https:\/\/www.foerderverein-herschwiesen.de\/wp-content\/uploads\/2017\/02\/Plan_Ringmauer_Bauabasch_1.jpg 1754w\" sizes=\"auto, (max-width: 625px) 100vw, 625px\" \/><\/a><\/span><\/p>\n<h1><span style=\"text-decoration: underline;\"><span style=\"color: #0000ff; text-decoration: underline;\">Februar 2017:<\/span><\/span><\/h1>\n<h3><span style=\"color: #808000;\">Zeitplan f\u00fcr die Durchf\u00fchrung der Arbeiten wurde festgelegt:<\/span><\/h3>\n<p><a href=\"https:\/\/www.foerderverein-herschwiesen.de\/wp-content\/uploads\/2017\/02\/Ablaufplan_Ringmauer.jpg\"><img loading=\"lazy\" decoding=\"async\" class=\"alignnone wp-image-2420 size-large\" src=\"https:\/\/www.foerderverein-herschwiesen.de\/wp-content\/uploads\/2017\/02\/Ablaufplan_Ringmauer-1024x328.jpg\" width=\"625\" height=\"200\" srcset=\"https:\/\/www.foerderverein-herschwiesen.de\/wp-content\/uploads\/2017\/02\/Ablaufplan_Ringmauer-1024x328.jpg 1024w, https:\/\/www.foerderverein-herschwiesen.de\/wp-content\/uploads\/2017\/02\/Ablaufplan_Ringmauer-300x96.jpg 300w, https:\/\/www.foerderverein-herschwiesen.de\/wp-content\/uploads\/2017\/02\/Ablaufplan_Ringmauer-768x246.jpg 768w, https:\/\/www.foerderverein-herschwiesen.de\/wp-content\/uploads\/2017\/02\/Ablaufplan_Ringmauer-624x200.jpg 624w, https:\/\/www.foerderverein-herschwiesen.de\/wp-content\/uploads\/2017\/02\/Ablaufplan_Ringmauer.jpg 1273w\" sizes=\"auto, (max-width: 625px) 100vw, 625px\" \/><\/a><\/p>\n<h1>&nbsp;<span style=\"text-decoration: underline;\"><span style=\"color: #0000ff; text-decoration: underline;\">Januar 2017:<\/span><\/span><\/h1>\n<h3><span style=\"color: #808000;\">Die Angebote liegen vor, der Auftrag kann erteilt werden.<br \/>\nDer Auftrag wurde vergeben an den g\u00fcnstigsten Anbieter:<\/span><\/h3>\n<h3><a href=\"https:\/\/www.foerderverein-herschwiesen.de\/wp-content\/uploads\/2017\/02\/Theisen_Ringmauer.jpg\"><img loading=\"lazy\" decoding=\"async\" class=\"alignnone wp-image-2423 size-full\" src=\"https:\/\/www.foerderverein-herschwiesen.de\/wp-content\/uploads\/2017\/02\/Theisen_Ringmauer.jpg\" width=\"458\" height=\"99\" srcset=\"https:\/\/www.foerderverein-herschwiesen.de\/wp-content\/uploads\/2017\/02\/Theisen_Ringmauer.jpg 458w, https:\/\/www.foerderverein-herschwiesen.de\/wp-content\/uploads\/2017\/02\/Theisen_Ringmauer-300x65.jpg 300w\" sizes=\"auto, (max-width: 458px) 100vw, 458px\" \/><\/a><\/h3>\n<h1><span style=\"text-decoration: underline;\"><span style=\"color: #0000ff; text-decoration: underline;\">Dezember 2016<\/span><\/span><\/h1>\n<h3><span style=\"color: #808000;\">Ist- Zustand der Ringmauer:<\/span><\/h3>\n<p><a href=\"https:\/\/www.foerderverein-herschwiesen.de\/wp-content\/uploads\/2016\/01\/Bilder-Ringmauer_20170105.jpg\"><img loading=\"lazy\" decoding=\"async\" class=\"alignnone wp-image-2351 size-full\" src=\"https:\/\/www.foerderverein-herschwiesen.de\/wp-content\/uploads\/2016\/01\/Bilder-Ringmauer_20170105.jpg\" width=\"1241\" height=\"1754\" srcset=\"https:\/\/www.foerderverein-herschwiesen.de\/wp-content\/uploads\/2016\/01\/Bilder-Ringmauer_20170105.jpg 1241w, https:\/\/www.foerderverein-herschwiesen.de\/wp-content\/uploads\/2016\/01\/Bilder-Ringmauer_20170105-212x300.jpg 212w, https:\/\/www.foerderverein-herschwiesen.de\/wp-content\/uploads\/2016\/01\/Bilder-Ringmauer_20170105-768x1085.jpg 768w, https:\/\/www.foerderverein-herschwiesen.de\/wp-content\/uploads\/2016\/01\/Bilder-Ringmauer_20170105-725x1024.jpg 725w, https:\/\/www.foerderverein-herschwiesen.de\/wp-content\/uploads\/2016\/01\/Bilder-Ringmauer_20170105-624x882.jpg 624w\" sizes=\"auto, (max-width: 1241px) 100vw, 1241px\" \/><\/a><\/p>\n<h1><span style=\"text-decoration: underline;\"><span style=\"color: #0000ff; text-decoration: underline;\">November 2016<\/span><\/span><\/h1>\n<h3><span style=\"color: #808000;\">Plan der einzelnen geplanten Bauabschnitte:<\/span><\/h3>\n<p><a href=\"https:\/\/www.foerderverein-herschwiesen.de\/wp-content\/uploads\/2016\/01\/Plan_Ringmauer_20170105.jpg\"><img loading=\"lazy\" decoding=\"async\" class=\"alignnone wp-image-2349 size-full\" src=\"https:\/\/www.foerderverein-herschwiesen.de\/wp-content\/uploads\/2016\/01\/Plan_Ringmauer_20170105.jpg\" width=\"1754\" height=\"1241\" srcset=\"https:\/\/www.foerderverein-herschwiesen.de\/wp-content\/uploads\/2016\/01\/Plan_Ringmauer_20170105.jpg 1754w, https:\/\/www.foerderverein-herschwiesen.de\/wp-content\/uploads\/2016\/01\/Plan_Ringmauer_20170105-300x212.jpg 300w, https:\/\/www.foerderverein-herschwiesen.de\/wp-content\/uploads\/2016\/01\/Plan_Ringmauer_20170105-768x543.jpg 768w, https:\/\/www.foerderverein-herschwiesen.de\/wp-content\/uploads\/2016\/01\/Plan_Ringmauer_20170105-1024x725.jpg 1024w, https:\/\/www.foerderverein-herschwiesen.de\/wp-content\/uploads\/2016\/01\/Plan_Ringmauer_20170105-624x441.jpg 624w\" sizes=\"auto, (max-width: 1754px) 100vw, 1754px\" \/><\/a><\/p>\n<h1><span style=\"text-decoration: underline; color: #0000ff;\">August 2016<\/span><\/h1>\n<h3 style=\"text-align: justify;\"><span style=\"color: #808000;\">Am 10. August fand ein Ortstermin statt, um die Ausschreibung zu<br \/>\nkonkretisieren. Bevor diese erfolgen k\u00f6nnen muss die Sanierung<br \/>\nmit dem Denkmalamt abgestimmt werden.<br \/>\nWie man sehen kann, ist eine Sanierung dringend erforderlich,<br \/>\nda sich schon einzelne Steine aus der Mauer l\u00f6sen.<br \/>\n<\/span><\/h3>\n<p><a href=\"https:\/\/www.foerderverein-herschwiesen.de\/wp-content\/uploads\/2016\/08\/CIMG3682.jpg\"><img loading=\"lazy\" decoding=\"async\" class=\"alignnone size-medium wp-image-2050\" src=\"https:\/\/www.foerderverein-herschwiesen.de\/wp-content\/uploads\/2016\/08\/CIMG3682-225x300.jpg\" alt=\"CIMG3682\" width=\"225\" height=\"300\" srcset=\"https:\/\/www.foerderverein-herschwiesen.de\/wp-content\/uploads\/2016\/08\/CIMG3682-225x300.jpg 225w, https:\/\/www.foerderverein-herschwiesen.de\/wp-content\/uploads\/2016\/08\/CIMG3682-768x1024.jpg 768w, https:\/\/www.foerderverein-herschwiesen.de\/wp-content\/uploads\/2016\/08\/CIMG3682-624x832.jpg 624w, https:\/\/www.foerderverein-herschwiesen.de\/wp-content\/uploads\/2016\/08\/CIMG3682.jpg 1536w\" sizes=\"auto, (max-width: 225px) 100vw, 225px\" \/><\/a> <a href=\"https:\/\/www.foerderverein-herschwiesen.de\/wp-content\/uploads\/2016\/08\/CIMG3681.jpg\"><img loading=\"lazy\" decoding=\"async\" class=\"alignnone size-medium wp-image-2049\" src=\"https:\/\/www.foerderverein-herschwiesen.de\/wp-content\/uploads\/2016\/08\/CIMG3681-225x300.jpg\" alt=\"CIMG3681\" width=\"225\" height=\"300\" srcset=\"https:\/\/www.foerderverein-herschwiesen.de\/wp-content\/uploads\/2016\/08\/CIMG3681-225x300.jpg 225w, https:\/\/www.foerderverein-herschwiesen.de\/wp-content\/uploads\/2016\/08\/CIMG3681-768x1024.jpg 768w, https:\/\/www.foerderverein-herschwiesen.de\/wp-content\/uploads\/2016\/08\/CIMG3681-624x832.jpg 624w, https:\/\/www.foerderverein-herschwiesen.de\/wp-content\/uploads\/2016\/08\/CIMG3681.jpg 1536w\" sizes=\"auto, (max-width: 225px) 100vw, 225px\" \/><\/a> <a href=\"https:\/\/www.foerderverein-herschwiesen.de\/wp-content\/uploads\/2016\/08\/CIMG3680.jpg\"><img loading=\"lazy\" decoding=\"async\" class=\"alignnone size-medium wp-image-2048\" src=\"https:\/\/www.foerderverein-herschwiesen.de\/wp-content\/uploads\/2016\/08\/CIMG3680-225x300.jpg\" alt=\"CIMG3680\" width=\"225\" height=\"300\" srcset=\"https:\/\/www.foerderverein-herschwiesen.de\/wp-content\/uploads\/2016\/08\/CIMG3680-225x300.jpg 225w, https:\/\/www.foerderverein-herschwiesen.de\/wp-content\/uploads\/2016\/08\/CIMG3680-768x1024.jpg 768w, https:\/\/www.foerderverein-herschwiesen.de\/wp-content\/uploads\/2016\/08\/CIMG3680-624x832.jpg 624w, https:\/\/www.foerderverein-herschwiesen.de\/wp-content\/uploads\/2016\/08\/CIMG3680.jpg 1536w\" sizes=\"auto, (max-width: 225px) 100vw, 225px\" \/><\/a> <a href=\"https:\/\/www.foerderverein-herschwiesen.de\/wp-content\/uploads\/2016\/08\/CIMG3679.jpg\"><img loading=\"lazy\" decoding=\"async\" class=\"alignnone size-medium wp-image-2047\" src=\"https:\/\/www.foerderverein-herschwiesen.de\/wp-content\/uploads\/2016\/08\/CIMG3679-225x300.jpg\" alt=\"CIMG3679\" width=\"225\" height=\"300\" srcset=\"https:\/\/www.foerderverein-herschwiesen.de\/wp-content\/uploads\/2016\/08\/CIMG3679-225x300.jpg 225w, https:\/\/www.foerderverein-herschwiesen.de\/wp-content\/uploads\/2016\/08\/CIMG3679-768x1024.jpg 768w, https:\/\/www.foerderverein-herschwiesen.de\/wp-content\/uploads\/2016\/08\/CIMG3679-624x832.jpg 624w, https:\/\/www.foerderverein-herschwiesen.de\/wp-content\/uploads\/2016\/08\/CIMG3679.jpg 1536w\" sizes=\"auto, (max-width: 225px) 100vw, 225px\" \/><\/a> <a href=\"https:\/\/www.foerderverein-herschwiesen.de\/wp-content\/uploads\/2016\/08\/CIMG3678.jpg\"><img loading=\"lazy\" decoding=\"async\" class=\"alignnone size-medium wp-image-2046\" src=\"https:\/\/www.foerderverein-herschwiesen.de\/wp-content\/uploads\/2016\/08\/CIMG3678-225x300.jpg\" alt=\"CIMG3678\" width=\"225\" height=\"300\" srcset=\"https:\/\/www.foerderverein-herschwiesen.de\/wp-content\/uploads\/2016\/08\/CIMG3678-225x300.jpg 225w, https:\/\/www.foerderverein-herschwiesen.de\/wp-content\/uploads\/2016\/08\/CIMG3678-768x1024.jpg 768w, https:\/\/www.foerderverein-herschwiesen.de\/wp-content\/uploads\/2016\/08\/CIMG3678-624x832.jpg 624w, https:\/\/www.foerderverein-herschwiesen.de\/wp-content\/uploads\/2016\/08\/CIMG3678.jpg 1536w\" sizes=\"auto, (max-width: 225px) 100vw, 225px\" \/><br \/>\n<\/a>\u00a9 Bilder: Josef Seus<\/p>\n<h1><span style=\"text-decoration: underline;\"><span style=\"color: #0000ff; text-decoration: underline;\">Juli 2016<\/span><\/span><\/h1>\n<h3><span style=\"color: #808000;\">Die baufachliche Zustimmung und die Genehmigung zur<\/span><br \/>\n<span style=\"color: #808000;\">Sanierung der Ringmauer wurden erteilt.<\/span><\/h3>\n<h1><span style=\"text-decoration: underline;\"><span style=\"color: #0000ff; text-decoration: underline;\">Mai 2016<\/span><\/span><\/h1>\n<h3><span style=\"color: #808000;\">Der A2-Antrag wurde gestellt, wir warten auf die<\/span><br \/>\n<span style=\"color: #808000;\">Genehmigung des Antrages.<\/span><\/h3>\n<h1><span style=\"text-decoration: underline;\"><span style=\"color: #0000ff; text-decoration: underline;\">April 2016<\/span><\/span><\/h1>\n<h3><span style=\"color: #808000;\">Der KVR hat sich dazu entschlossen die Ringmauer komplett,<\/span><br \/>\n<span style=\"color: #808000;\"> wo es notwendig ist, zu sanieren. Die Sanierung soll in mehreren<\/span><br \/>\n<span style=\"color: #808000;\"> Teilabschnitten erfolgen. Um in den Genus der F\u00f6rdergelder des<\/span><br \/>\n<span style=\"color: #808000;\"> Bistums zu gelangen, muss hierf\u00fcr in Trier ein A2-Antrag gestellt werden.<\/span><\/h3>\n<h1><span style=\"text-decoration: underline;\"><span style=\"color: #0000ff; text-decoration: underline;\">Jan. 2016<\/span><\/span><\/h1>\n<h2><span style=\"color: #808000;\">Entsprechende Kostenermittlungen und Planungen<\/span><br \/>\n<span style=\"color: #808000;\"> befinden sich in Arbeit.<\/span><br \/>\n<span style=\"color: #808000;\"> Wir werden Sie fr\u00fchzeitig \u00fcber den Stand der<\/span><br \/>\n<span style=\"color: #808000;\"> Planung informieren.<\/span><\/h2>\n","protected":false},"excerpt":{"rendered":"<p>Bitte beachten Sie auch unser Bautagebuch: Ringmauer M\u00e4rz 2017: Wir beginnen am 27. M\u00e4rz mit dem 1. Bauababschnitt. (Abschnitt 9, in Rot&nbsp; markiert) Je nach Anforderung an die Fl\u00e4che oder Geb\u00e4ude werden die Arbeiten an den einzelnen Abschnitten im Plan ausgef\u00fchrt. Das muss nicht nach der Reihenfolge der vom Architekten festgelegten Abschnittsnummerierung erfolgen. Februar 2017: [&hellip;]<\/p>\n","protected":false},"author":3,"featured_media":0,"parent":41,"menu_order":4,"comment_status":"closed","ping_status":"closed","template":"","meta":{"footnotes":""},"class_list":["post-1621","page","type-page","status-publish","hentry"],"_links":{"self":[{"href":"https:\/\/www.foerderverein-herschwiesen.de\/index.php?rest_route=\/wp\/v2\/pages\/1621","targetHints":{"allow":["GET"]}}],"collection":[{"href":"https:\/\/www.foerderverein-herschwiesen.de\/index.php?rest_route=\/wp\/v2\/pages"}],"about":[{"href":"https:\/\/www.foerderverein-herschwiesen.de\/index.php?rest_route=\/wp\/v2\/types\/page"}],"author":[{"embeddable":true,"href":"https:\/\/www.foerderverein-herschwiesen.de\/index.php?rest_route=\/wp\/v2\/users\/3"}],"replies":[{"embeddable":true,"href":"https:\/\/www.foerderverein-herschwiesen.de\/index.php?rest_route=%2Fwp%2Fv2%2Fcomments&post=1621"}],"version-history":[{"count":36,"href":"https:\/\/www.foerderverein-herschwiesen.de\/index.php?rest_route=\/wp\/v2\/pages\/1621\/revisions"}],"predecessor-version":[{"id":3841,"href":"https:\/\/www.foerderverein-herschwiesen.de\/index.php?rest_route=\/wp\/v2\/pages\/1621\/revisions\/3841"}],"up":[{"embeddable":true,"href":"https:\/\/www.foerderverein-herschwiesen.de\/index.php?rest_route=\/wp\/v2\/pages\/41"}],"wp:attachment":[{"href":"https:\/\/www.foerderverein-herschwiesen.de\/index.php?rest_route=%2Fwp%2Fv2%2Fmedia&parent=1621"}],"curies":[{"name":"wp","href":"https:\/\/api.w.org\/{rel}","templated":true}]}}