{"id":1619,"date":"2016-01-20T19:37:05","date_gmt":"2016-01-20T18:37:05","guid":{"rendered":"http:\/\/innenrestaurierung-pfarrkirche-herschwiesen.de\/wordpress\/?page_id=1619"},"modified":"2022-08-05T10:14:48","modified_gmt":"2022-08-05T08:14:48","slug":"pfarrhof","status":"publish","type":"page","link":"https:\/\/www.foerderverein-herschwiesen.de\/?page_id=1619","title":{"rendered":"Pfarrhof  &#8212;>>> abgeschlossen <<<<<<"},"content":{"rendered":"\n<p>Herschwiesen, 08.10.2021<\/p>\n\n\n\n<figure class=\"wp-block-image size-full\"><a href=\"https:\/\/www.foerderverein-herschwiesen.de\/wp-content\/uploads\/2021\/10\/Pfarrhof_Einleitung.jpg\"><img loading=\"lazy\" decoding=\"async\" width=\"640\" height=\"295\" src=\"https:\/\/www.foerderverein-herschwiesen.de\/wp-content\/uploads\/2021\/10\/Pfarrhof_Einleitung.jpg\" alt=\"\" class=\"wp-image-4726\" srcset=\"https:\/\/www.foerderverein-herschwiesen.de\/wp-content\/uploads\/2021\/10\/Pfarrhof_Einleitung.jpg 640w, https:\/\/www.foerderverein-herschwiesen.de\/wp-content\/uploads\/2021\/10\/Pfarrhof_Einleitung-300x138.jpg 300w, https:\/\/www.foerderverein-herschwiesen.de\/wp-content\/uploads\/2021\/10\/Pfarrhof_Einleitung-624x288.jpg 624w\" sizes=\"auto, (max-width: 640px) 100vw, 640px\" \/><\/a><\/figure>\n\n\n\n<figure class=\"wp-block-image size-large is-style-rounded\"><a href=\"https:\/\/www.foerderverein-herschwiesen.de\/wp-content\/uploads\/2021\/10\/Einweihun-g_Pfarrhof1400001-scaled.jpg\"><img loading=\"lazy\" decoding=\"async\" width=\"1024\" height=\"683\" src=\"https:\/\/www.foerderverein-herschwiesen.de\/wp-content\/uploads\/2021\/10\/Einweihun-g_Pfarrhof1400001-1024x683.jpg\" alt=\"\" class=\"wp-image-4590\" srcset=\"https:\/\/www.foerderverein-herschwiesen.de\/wp-content\/uploads\/2021\/10\/Einweihun-g_Pfarrhof1400001-1024x683.jpg 1024w, https:\/\/www.foerderverein-herschwiesen.de\/wp-content\/uploads\/2021\/10\/Einweihun-g_Pfarrhof1400001-300x200.jpg 300w, https:\/\/www.foerderverein-herschwiesen.de\/wp-content\/uploads\/2021\/10\/Einweihun-g_Pfarrhof1400001-768x512.jpg 768w, https:\/\/www.foerderverein-herschwiesen.de\/wp-content\/uploads\/2021\/10\/Einweihun-g_Pfarrhof1400001-1536x1025.jpg 1536w, https:\/\/www.foerderverein-herschwiesen.de\/wp-content\/uploads\/2021\/10\/Einweihun-g_Pfarrhof1400001-2048x1366.jpg 2048w, https:\/\/www.foerderverein-herschwiesen.de\/wp-content\/uploads\/2021\/10\/Einweihun-g_Pfarrhof1400001-624x416.jpg 624w\" sizes=\"auto, (max-width: 1024px) 100vw, 1024px\" \/><\/a><\/figure>\n\n\n\n<p>Weitere Fotos von der Bauphase und der Einweihung finden Sie unter der Ruprik: Restaurierung\/Pfarrhof- und Fotogalerie.<\/p>\n\n\n\n<h2 class=\"wp-block-heading\">Auszug aus der Ansprache von Herr Dieler:<\/h2>\n\n\n\n<figure class=\"wp-block-image size-full\"><a href=\"https:\/\/www.foerderverein-herschwiesen.de\/wp-content\/uploads\/2021\/10\/Rede-Pfarrhof.jpg\"><img loading=\"lazy\" decoding=\"async\" width=\"639\" height=\"809\" src=\"https:\/\/www.foerderverein-herschwiesen.de\/wp-content\/uploads\/2021\/10\/Rede-Pfarrhof.jpg\" alt=\"\" class=\"wp-image-4633\" srcset=\"https:\/\/www.foerderverein-herschwiesen.de\/wp-content\/uploads\/2021\/10\/Rede-Pfarrhof.jpg 639w, https:\/\/www.foerderverein-herschwiesen.de\/wp-content\/uploads\/2021\/10\/Rede-Pfarrhof-237x300.jpg 237w, https:\/\/www.foerderverein-herschwiesen.de\/wp-content\/uploads\/2021\/10\/Rede-Pfarrhof-624x790.jpg 624w\" sizes=\"auto, (max-width: 639px) 100vw, 639px\" \/><\/a><\/figure>\n\n\n\n<h2 class=\"wp-block-heading\">Am Freitag, den 15. Oktober findet um 17:00 Uhr die Einweihung des Pfarrhofes statt.<br>Entsprechende Einladungen wurden zugestellt.<\/h2>\n\n\n\n<p>Herschwiesen, im August 2021<\/p>\n\n\n\n<h1 class=\"wp-block-heading\">Die Arbeiten an der Neugestaltung des<br>Pfarrhofes haben begonnen.<\/h1>\n\n\n\n<figure class=\"wp-block-image size-full is-resized\"><a href=\"https:\/\/www.foerderverein-herschwiesen.de\/wp-content\/uploads\/2021\/08\/Bauarbeiten-Pfarrhof.jpg\"><img loading=\"lazy\" decoding=\"async\" src=\"https:\/\/www.foerderverein-herschwiesen.de\/wp-content\/uploads\/2021\/08\/Bauarbeiten-Pfarrhof.jpg\" alt=\"\" class=\"wp-image-4462\" width=\"487\" height=\"471\" srcset=\"https:\/\/www.foerderverein-herschwiesen.de\/wp-content\/uploads\/2021\/08\/Bauarbeiten-Pfarrhof.jpg 492w, https:\/\/www.foerderverein-herschwiesen.de\/wp-content\/uploads\/2021\/08\/Bauarbeiten-Pfarrhof-300x290.jpg 300w\" sizes=\"auto, (max-width: 487px) 100vw, 487px\" \/><\/a><\/figure>\n\n\n\n<figure class=\"wp-block-image size-large\"><a href=\"https:\/\/www.foerderverein-herschwiesen.de\/wp-content\/uploads\/2021\/08\/Pfarrhofl500001-scaled.jpg\"><img loading=\"lazy\" decoding=\"async\" width=\"1024\" height=\"683\" src=\"https:\/\/www.foerderverein-herschwiesen.de\/wp-content\/uploads\/2021\/08\/Pfarrhofl500001-1024x683.jpg\" alt=\"\" class=\"wp-image-4464\" srcset=\"https:\/\/www.foerderverein-herschwiesen.de\/wp-content\/uploads\/2021\/08\/Pfarrhofl500001-1024x683.jpg 1024w, https:\/\/www.foerderverein-herschwiesen.de\/wp-content\/uploads\/2021\/08\/Pfarrhofl500001-300x200.jpg 300w, https:\/\/www.foerderverein-herschwiesen.de\/wp-content\/uploads\/2021\/08\/Pfarrhofl500001-768x512.jpg 768w, https:\/\/www.foerderverein-herschwiesen.de\/wp-content\/uploads\/2021\/08\/Pfarrhofl500001-1536x1025.jpg 1536w, https:\/\/www.foerderverein-herschwiesen.de\/wp-content\/uploads\/2021\/08\/Pfarrhofl500001-2048x1366.jpg 2048w, https:\/\/www.foerderverein-herschwiesen.de\/wp-content\/uploads\/2021\/08\/Pfarrhofl500001-624x416.jpg 624w\" sizes=\"auto, (max-width: 1024px) 100vw, 1024px\" \/><\/a><\/figure>\n\n\n\n<figure class=\"wp-block-image size-large\"><a href=\"https:\/\/www.foerderverein-herschwiesen.de\/wp-content\/uploads\/2021\/06\/Dr.Walter_Pfarrhof_2.jpg\"><img loading=\"lazy\" decoding=\"async\" width=\"328\" height=\"69\" src=\"https:\/\/www.foerderverein-herschwiesen.de\/wp-content\/uploads\/2021\/06\/Dr.Walter_Pfarrhof_2.jpg\" alt=\"\" class=\"wp-image-4403\" srcset=\"https:\/\/www.foerderverein-herschwiesen.de\/wp-content\/uploads\/2021\/06\/Dr.Walter_Pfarrhof_2.jpg 328w, https:\/\/www.foerderverein-herschwiesen.de\/wp-content\/uploads\/2021\/06\/Dr.Walter_Pfarrhof_2-300x63.jpg 300w\" sizes=\"auto, (max-width: 328px) 100vw, 328px\" \/><\/a><\/figure>\n\n\n\n<figure class=\"wp-block-image size-large\"><a href=\"https:\/\/www.foerderverein-herschwiesen.de\/wp-content\/uploads\/2021\/06\/Dr.Walter_Pfarrhof.jpg\"><img loading=\"lazy\" decoding=\"async\" width=\"480\" height=\"689\" src=\"https:\/\/www.foerderverein-herschwiesen.de\/wp-content\/uploads\/2021\/06\/Dr.Walter_Pfarrhof.jpg\" alt=\"\" class=\"wp-image-4404\" srcset=\"https:\/\/www.foerderverein-herschwiesen.de\/wp-content\/uploads\/2021\/06\/Dr.Walter_Pfarrhof.jpg 480w, https:\/\/www.foerderverein-herschwiesen.de\/wp-content\/uploads\/2021\/06\/Dr.Walter_Pfarrhof-209x300.jpg 209w\" sizes=\"auto, (max-width: 480px) 100vw, 480px\" \/><\/a><\/figure>\n\n\n\n<p><strong>Mai 2015<\/strong><\/p>\n\n\n\n<figure class=\"wp-block-gallery columns-1 is-cropped wp-block-gallery-1 is-layout-flex wp-block-gallery-is-layout-flex\"><ul class=\"blocks-gallery-grid\"><li class=\"blocks-gallery-item\"><figure><a href=\"https:\/\/www.foerderverein-herschwiesen.de\/wp-content\/uploads\/2021\/05\/Presse_Pfarrhof.jpg\"><img loading=\"lazy\" decoding=\"async\" width=\"1024\" height=\"688\" src=\"https:\/\/www.foerderverein-herschwiesen.de\/wp-content\/uploads\/2021\/05\/Presse_Pfarrhof-1024x688.jpg\" alt=\"\" data-id=\"4379\" data-full-url=\"https:\/\/www.foerderverein-herschwiesen.de\/wp-content\/uploads\/2021\/05\/Presse_Pfarrhof.jpg\" data-link=\"https:\/\/www.foerderverein-herschwiesen.de\/?attachment_id=4379\" class=\"wp-image-4379\" srcset=\"https:\/\/www.foerderverein-herschwiesen.de\/wp-content\/uploads\/2021\/05\/Presse_Pfarrhof-1024x688.jpg 1024w, https:\/\/www.foerderverein-herschwiesen.de\/wp-content\/uploads\/2021\/05\/Presse_Pfarrhof-300x202.jpg 300w, https:\/\/www.foerderverein-herschwiesen.de\/wp-content\/uploads\/2021\/05\/Presse_Pfarrhof-768x516.jpg 768w, https:\/\/www.foerderverein-herschwiesen.de\/wp-content\/uploads\/2021\/05\/Presse_Pfarrhof-624x420.jpg 624w, https:\/\/www.foerderverein-herschwiesen.de\/wp-content\/uploads\/2021\/05\/Presse_Pfarrhof.jpg 1239w\" sizes=\"auto, (max-width: 1024px) 100vw, 1024px\" \/><\/a><\/figure><\/li><\/ul><\/figure>\n\n\n\n<p><\/p>\n\n\n\n<p><strong>RZ 19.03.21<\/strong><\/p>\n\n\n\n<figure class=\"wp-block-image size-large is-resized\"><a href=\"https:\/\/www.foerderverein-herschwiesen.de\/wp-content\/uploads\/2021\/03\/Pfarrhof_2.jpg\"><img loading=\"lazy\" decoding=\"async\" src=\"https:\/\/www.foerderverein-herschwiesen.de\/wp-content\/uploads\/2021\/03\/Pfarrhof_2.jpg\" alt=\"\" class=\"wp-image-4316\" width=\"645\" height=\"252\" srcset=\"https:\/\/www.foerderverein-herschwiesen.de\/wp-content\/uploads\/2021\/03\/Pfarrhof_2.jpg 645w, https:\/\/www.foerderverein-herschwiesen.de\/wp-content\/uploads\/2021\/03\/Pfarrhof_2-300x117.jpg 300w, https:\/\/www.foerderverein-herschwiesen.de\/wp-content\/uploads\/2021\/03\/Pfarrhof_2-624x244.jpg 624w\" sizes=\"auto, (max-width: 645px) 100vw, 645px\" \/><\/a><\/figure>\n\n\n\n<figure class=\"wp-block-image size-large\"><a href=\"https:\/\/www.foerderverein-herschwiesen.de\/wp-content\/uploads\/2021\/03\/Pfarrhof.jpg\"><img loading=\"lazy\" decoding=\"async\" width=\"735\" height=\"832\" src=\"https:\/\/www.foerderverein-herschwiesen.de\/wp-content\/uploads\/2021\/03\/Pfarrhof.jpg\" alt=\"\" class=\"wp-image-4312\" srcset=\"https:\/\/www.foerderverein-herschwiesen.de\/wp-content\/uploads\/2021\/03\/Pfarrhof.jpg 735w, https:\/\/www.foerderverein-herschwiesen.de\/wp-content\/uploads\/2021\/03\/Pfarrhof-265x300.jpg 265w, https:\/\/www.foerderverein-herschwiesen.de\/wp-content\/uploads\/2021\/03\/Pfarrhof-624x706.jpg 624w\" sizes=\"auto, (max-width: 735px) 100vw, 735px\" \/><\/a><\/figure>\n\n\n\n<h2 class=\"wp-block-heading\">So k\u00f6nnte der Pfarrhof nach der Sanierung mal aussehen:<\/h2>\n\n\n\n<figure class=\"wp-block-image size-large is-resized\"><a href=\"https:\/\/www.foerderverein-herschwiesen.de\/wp-content\/uploads\/2021\/03\/Pfarrhof_2_mal_gerichtet-1.png\"><img loading=\"lazy\" decoding=\"async\" src=\"https:\/\/www.foerderverein-herschwiesen.de\/wp-content\/uploads\/2021\/03\/Pfarrhof_2_mal_gerichtet-1.png\" alt=\"\" class=\"wp-image-4351\" width=\"652\" height=\"793\" srcset=\"https:\/\/www.foerderverein-herschwiesen.de\/wp-content\/uploads\/2021\/03\/Pfarrhof_2_mal_gerichtet-1.png 549w, https:\/\/www.foerderverein-herschwiesen.de\/wp-content\/uploads\/2021\/03\/Pfarrhof_2_mal_gerichtet-1-247x300.png 247w\" sizes=\"auto, (max-width: 652px) 100vw, 652px\" \/><\/a><\/figure>\n\n\n\n<figure class=\"wp-block-image size-large\"><a href=\"https:\/\/www.foerderverein-herschwiesen.de\/wp-content\/uploads\/2021\/03\/Pfarrhof_22_2_mal100001.jpg\"><img loading=\"lazy\" decoding=\"async\" width=\"793\" height=\"851\" src=\"https:\/\/www.foerderverein-herschwiesen.de\/wp-content\/uploads\/2021\/03\/Pfarrhof_22_2_mal100001.jpg\" alt=\"\" class=\"wp-image-4356\" srcset=\"https:\/\/www.foerderverein-herschwiesen.de\/wp-content\/uploads\/2021\/03\/Pfarrhof_22_2_mal100001.jpg 793w, https:\/\/www.foerderverein-herschwiesen.de\/wp-content\/uploads\/2021\/03\/Pfarrhof_22_2_mal100001-280x300.jpg 280w, https:\/\/www.foerderverein-herschwiesen.de\/wp-content\/uploads\/2021\/03\/Pfarrhof_22_2_mal100001-768x824.jpg 768w, https:\/\/www.foerderverein-herschwiesen.de\/wp-content\/uploads\/2021\/03\/Pfarrhof_22_2_mal100001-624x670.jpg 624w\" sizes=\"auto, (max-width: 793px) 100vw, 793px\" \/><\/a><\/figure>\n\n\n\n<blockquote class=\"wp-block-quote is-layout-flow wp-block-quote-is-layout-flow\"><p>Zeichnungen: Stadt Land Plus, F. Hachenberg<\/p><\/blockquote>\n\n\n<h2>RHA 09.09.2020<\/h2>\n<p><a href=\"https:\/\/www.foerderverein-herschwiesen.de\/wp-content\/uploads\/2020\/09\/Pfarrhofsanierung-RHA.jpg\"><img loading=\"lazy\" decoding=\"async\" class=\"alignnone wp-image-4172\" src=\"https:\/\/www.foerderverein-herschwiesen.de\/wp-content\/uploads\/2020\/09\/Pfarrhofsanierung-RHA-300x278.jpg\" alt=\"\" width=\"645\" height=\"598\" srcset=\"https:\/\/www.foerderverein-herschwiesen.de\/wp-content\/uploads\/2020\/09\/Pfarrhofsanierung-RHA-300x278.jpg 300w, https:\/\/www.foerderverein-herschwiesen.de\/wp-content\/uploads\/2020\/09\/Pfarrhofsanierung-RHA.jpg 561w\" sizes=\"auto, (max-width: 645px) 100vw, 645px\" \/><\/a><\/p>\n<h2>RZ 27.03.2020<\/h2>\n<p><a href=\"https:\/\/www.foerderverein-herschwiesen.de\/wp-content\/uploads\/2020\/03\/Pfarrhof_20200327.jpg\"><img loading=\"lazy\" decoding=\"async\" class=\"alignnone wp-image-4110 size-large\" src=\"https:\/\/www.foerderverein-herschwiesen.de\/wp-content\/uploads\/2020\/03\/Pfarrhof_20200327-1024x428.jpg\" alt=\"\" width=\"625\" height=\"261\" srcset=\"https:\/\/www.foerderverein-herschwiesen.de\/wp-content\/uploads\/2020\/03\/Pfarrhof_20200327-1024x428.jpg 1024w, https:\/\/www.foerderverein-herschwiesen.de\/wp-content\/uploads\/2020\/03\/Pfarrhof_20200327-300x125.jpg 300w, https:\/\/www.foerderverein-herschwiesen.de\/wp-content\/uploads\/2020\/03\/Pfarrhof_20200327-768x321.jpg 768w, https:\/\/www.foerderverein-herschwiesen.de\/wp-content\/uploads\/2020\/03\/Pfarrhof_20200327-624x261.jpg 624w, https:\/\/www.foerderverein-herschwiesen.de\/wp-content\/uploads\/2020\/03\/Pfarrhof_20200327.jpg 1219w\" sizes=\"auto, (max-width: 625px) 100vw, 625px\" \/><\/a><\/p>\n<h2><span style=\"color: #0000ff;\">Januar 2020<\/span><\/h2>\n<h2>Es gibt neue \u00dcberlegungen und Finanzierungsm\u00f6glichkeiten den Pfarrhof doch noch zu sanieren.<br>\nZur Zeit werden verschiedene M\u00f6glichkeiten vom Verwaltungsrat gepr\u00fcft um eine Finanzierung zu erstellen.<\/h2>\n<h2><span style=\"text-decoration: underline;\"><span style=\"color: #0000ff; text-decoration: underline;\">April 2016 (eingestellt)<br>\n<\/span><\/span><\/h2>\n<h2><span style=\"color: #808000;\">Der Leader Plus &#8211; Antrag zur Erstellung eines neuen Pfarrinnenhofes wurde durch die LAG mit folgendem Wortlaut abgelehnt:<\/span><\/h2>\n<p><span style=\"color: #808000;\">Am 16.03.2016 hat die LAG Welterbe Oberes Mittelrheintal die Bewertung der vorgelegten Projektideen f\u00fcr den ersten Aufruf der LEADER-F\u00f6rderung vorgenommen, darunter auch Ihre zur Attraktivierung des Kirchenumfelds in Herschwiesen. Es war kein einfacher Entscheidungsprozess, zumal von Anfang an klar war, dass nicht alle Projekte mit den zur Verf\u00fcgung stehenden Mitteln bedient werden k\u00f6nnen.<\/span><br>\n<span style=\"color: #808000;\"> Es erfolgte der einstimmige LAG-Beschluss das Projekt mit &nbsp;12 Punkten zu bewerten. Damit ist die Mindestpunktzahl von 14 Punkten nicht erreicht und eine F\u00f6rderung mit LEADER-Mitteln des ersten F\u00f6rderaufrufes ist nicht m\u00f6glich. Das Projekt liegt im Ranking damit auf Platz 12. Unten stehend finden Sie den Gesamt\u00fcberblick \u00fcber die Projekte. Nach derzeitigem Stand k\u00f6nnen die Projekte auf den Pl\u00e4tzen 1-8 mit F\u00f6rdermitteln bedient werden.<\/span><\/p>\n<h2><span style=\"color: #808000;\">Daher hat sich der KVR entschlossen, aus Kostengr\u00fcnden dieses<\/span><br>\n<span style=\"color: #808000;\"> Projekt nicht weiter zu verfolgen.<\/span><\/h2>\n<h2><span style=\"text-decoration: underline;\"><span style=\"color: #0000ff; text-decoration: underline;\">Jan. 2016<\/span><\/span><\/h2>\n<h2><span style=\"color: #808000;\">Entsprechende Kostenermittlungen und Planungen<\/span><br>\n<span style=\"color: #808000;\"> befinden sich in Arbeit.<\/span><br>\n<span style=\"color: #808000;\"> Wir werden Sie fr\u00fchzeitig \u00fcber den Stand der<\/span><br>\n<span style=\"color: #808000;\"> Planung informieren.<\/span><\/h2>\n\n\n<p><\/p>\n","protected":false},"excerpt":{"rendered":"<p>Herschwiesen, 08.10.2021 Weitere Fotos von der Bauphase und der Einweihung finden Sie unter der Ruprik: Restaurierung\/Pfarrhof- und Fotogalerie. Auszug aus der Ansprache von Herr Dieler: Am Freitag, den 15. Oktober findet um 17:00 Uhr die Einweihung des Pfarrhofes statt.Entsprechende Einladungen wurden zugestellt. Herschwiesen, im August 2021 Die Arbeiten an der Neugestaltung desPfarrhofes haben begonnen. Mai [&hellip;]<\/p>\n","protected":false},"author":3,"featured_media":0,"parent":41,"menu_order":3,"comment_status":"closed","ping_status":"closed","template":"","meta":{"footnotes":""},"class_list":["post-1619","page","type-page","status-publish","hentry"],"_links":{"self":[{"href":"https:\/\/www.foerderverein-herschwiesen.de\/index.php?rest_route=\/wp\/v2\/pages\/1619","targetHints":{"allow":["GET"]}}],"collection":[{"href":"https:\/\/www.foerderverein-herschwiesen.de\/index.php?rest_route=\/wp\/v2\/pages"}],"about":[{"href":"https:\/\/www.foerderverein-herschwiesen.de\/index.php?rest_route=\/wp\/v2\/types\/page"}],"author":[{"embeddable":true,"href":"https:\/\/www.foerderverein-herschwiesen.de\/index.php?rest_route=\/wp\/v2\/users\/3"}],"replies":[{"embeddable":true,"href":"https:\/\/www.foerderverein-herschwiesen.de\/index.php?rest_route=%2Fwp%2Fv2%2Fcomments&post=1619"}],"version-history":[{"count":35,"href":"https:\/\/www.foerderverein-herschwiesen.de\/index.php?rest_route=\/wp\/v2\/pages\/1619\/revisions"}],"predecessor-version":[{"id":5062,"href":"https:\/\/www.foerderverein-herschwiesen.de\/index.php?rest_route=\/wp\/v2\/pages\/1619\/revisions\/5062"}],"up":[{"embeddable":true,"href":"https:\/\/www.foerderverein-herschwiesen.de\/index.php?rest_route=\/wp\/v2\/pages\/41"}],"wp:attachment":[{"href":"https:\/\/www.foerderverein-herschwiesen.de\/index.php?rest_route=%2Fwp%2Fv2%2Fmedia&parent=1619"}],"curies":[{"name":"wp","href":"https:\/\/api.w.org\/{rel}","templated":true}]}}