{"id":123,"date":"2015-01-14T09:47:33","date_gmt":"2015-01-14T08:47:33","guid":{"rendered":"http:\/\/innenrestaurierung-pfarrkirche-herschwiesen.de\/wordpress\/?page_id=123"},"modified":"2015-01-14T09:47:33","modified_gmt":"2015-01-14T08:47:33","slug":"05-april-2012","status":"publish","type":"page","link":"https:\/\/www.foerderverein-herschwiesen.de\/?page_id=123","title":{"rendered":"05. April 2012"},"content":{"rendered":"<p><strong>Bautagebuch<\/strong><\/p>\n<p><strong>Die Pracht des Himmels w\u00f6lbt sich \u00fcber den K\u00f6pfen der Gl\u00e4ubigen<\/p>\n<p><a href=\"https:\/\/www.foerderverein-herschwiesen.de\/wp-content\/uploads\/2015\/01\/Farbige-Gewoelbedecke-042012JPG.jpg\"><img loading=\"lazy\" decoding=\"async\" class=\"alignnone size-full wp-image-124\" src=\"https:\/\/www.foerderverein-herschwiesen.de\/wp-content\/uploads\/2015\/01\/Farbige-Gewoelbedecke-042012JPG.jpg\" alt=\"Farbige-Gewoelbedecke-042012JPG\" width=\"400\" height=\"300\" \/><\/a><\/p>\n<p><b><\/b><\/strong><\/p>\n<p dir=\"LTR\" align=\"LEFT\"><span style=\"font-size: small;\">Nach weniger als zw\u00f6lf Monaten Restaurierungszeit hat die 1745 eingeweihte barocke Pfarrkirche St. Pankratius in Boppard-Herschwiesen ihr originales, prachtvolles Aussehen wieder erhalten. Vom Gew\u00f6lbe des dreijochigen Saalbaus mit seinem 5\/8-Chor \u00fcber dem hochragenden S\u00e4ulenaltar mit den \u00fcberlebensgro\u00dfen Heiligenfiguren des Petrus, Paulus, Pankratius und Sebastian neben der die Altarmitte zierenden, mit dem Strahlenkranz umgegebenen Maria Immaculata (Unbefleckte Jungfrau), meint man in den Farben rosa, gr\u00fcn, blau und dem kr\u00e4ftigen Gelb auf den Gurtb\u00e4ndern das alte Bild der Kirche aus der Erbauungszeit wieder zu erkennen, obwohl offiziell bisher kein farbiges Bild aus dieser Zeit \u00fcberliefert wurde. Auf den seitlichen Gurtb\u00e4ndern, den Lisenen, sind die Ranken in zartem braun wiedererstanden. Eindrucksvoll sind auch die qualit\u00e4tvollen Stuckarbeiten an Decke und W\u00e4nden. Im Altarraum sind oberhalb der f\u00fcnf Fenster und Nischen die besonders gestalteten Bl\u00fctenbl\u00e4tter, teils mit Engelsk\u00f6pfen und fast fl\u00e4chenhaft vergoldet, jetzt dramatisch hervorgetreten.<\/span><\/p>\n<p dir=\"LTR\" align=\"LEFT\"><span style=\"font-size: small;\">\u00dcber allen Bildern scheint das Sonnengold des Himmels in dem Altarraum und l\u00e4sst die Locken der kleinen, lustigen Engel am Gew\u00f6lbe und an den prallen Putten am Altar hell leuchten. Auch die gesamte Orgelempore wurde repariert und mit rosa Stuckb\u00e4ndern garniert.<\/span><\/p>\n<p dir=\"LTR\" align=\"LEFT\"><span style=\"font-size: small;\">Die Initialen \u201eDMM&#8220; an der Decke \u00fcber der Kommunionbank deuten auf den Erbauer der Kirche Matthias Metzen, Pfarrer in Herschwiesen von 1710 bis 1750, hin. Seine rastlose Energie hatte im Jahre 1745 zur Vollendung dieses Barockschatzes auf dem Vorderhunsr\u00fcck gef\u00fchrt und der heutigen kleinen Kirchengemeinde damit auch ein sorgenvolles Nachdenken hinterlassen, wie man diesen eigentlich nur aus S\u00fcddeutschland bekannten Prachtbau des Bopparder Baumeisters Johann Neurohrer, der Nachwelt erhalten k\u00f6nne.<\/span><\/p>\n<p dir=\"LTR\" align=\"LEFT\"><span style=\"font-size: small;\">Das Werk der Restaurierung, f\u00fcr das sich die Herschwieser Gl\u00e4ubigen und unz\u00e4hlige andere B\u00fcrger aus der Nachbarschaft \u00fcberzeugend einsetzten, ist zwar gro\u00dfartig gelungen. Die kalkulierten Kosten aber haben sich in den letzten acht Jahren seit Beginn der Restaurierungsplanung doch erheblich erh\u00f6ht von ca. \u20ac 340.000 auf jetzt rund \u20ac 620.000.-<\/span><\/p>\n<p dir=\"LTR\" align=\"LEFT\"><span style=\"font-size: small;\">Ohne die faszinierenden Aktivit\u00e4ten des eigens gegr\u00fcndeten F\u00f6rdervereins und die Zusch\u00fcsse der kirchlichen und staatlichen Denkmalpflege sowie der Stadt Boppard und ihres ideenreichen B\u00fcrgermeisters Dr. Walter Bersch w\u00e4re die Finanzierung wohl kaum gelungen.<\/span><\/p>\n<p dir=\"LTR\" align=\"LEFT\"><span style=\"font-size: small;\">Einnahmen aus zahlreichen Konzertveranstaltungen, zuletzt den Mainzer Hofs\u00e4ngern, dem kreativen \u201eAdventsgl\u00fch&#8220; des F\u00f6rdervereins und der uneigenn\u00fctzigen Hilfe vieler verdienstvoller Sponsoren aus der heimischen Wirtschaft haben das Grundger\u00fcst der Finanzierung gesichert. Allein \u20ac 160.000 hat der F\u00f6rderverein selbst eingebracht. Die noch bestehende Finanzl\u00fccke von \u20ac 110.000 soll durch ein Bankdarlehen \u00fcber 10 Jahre R\u00fcckzahlungsdauer an den F\u00f6rderverein geschlossen werden.<\/span><\/p>\n<p dir=\"LTR\" align=\"LEFT\"><span style=\"font-size: small;\">In den Wochen nach Ostern sollen die Arbeiten zur Wiederaufstellung der Alt\u00e4re, zur \u201eAushausung&#8220; und \u00dcberpr\u00fcfung der Orgel sowie die Installationsarbeiten f\u00fcr Beleuchtung und Lautsprecheranlage abgeschlossen werden. F\u00fcr die Reinigung der B\u00e4nke und des Kreuzweges aus der Januarius-Zick-Schule haben sich bereits mehr als ein Dutzend freiwillige Helfer gemeldet. Das Datum der Wiedereinweihung der Kirche steht noch nicht fest. Es wird wohl ein gro\u00dfes Fest werden, denn diese Kirche ist mit ihrer noch nie gesehenen Goldausstattung ein barockes Farbwunder geworden und dabei immer noch beeindruckend dezent geblieben. Schlie\u00dflich ist sie kein Museum, sondern nach wie vor ein Gotteshaus, das unz\u00e4hligen Menschen aus dem Niederkirchspiel seit 265 Jahren eine geistige Heimat bedeutet.<\/span><\/p>\n<p dir=\"LTR\" align=\"LEFT\"><span style=\"font-size: small;\">Adolf Meinung<\/span><\/p>\n<p><strong><b><\/b><br \/>\n<\/strong><\/p>\n","protected":false},"excerpt":{"rendered":"<p>Bautagebuch Die Pracht des Himmels w\u00f6lbt sich \u00fcber den K\u00f6pfen der Gl\u00e4ubigen Nach weniger als zw\u00f6lf Monaten Restaurierungszeit hat die 1745 eingeweihte barocke Pfarrkirche St. Pankratius in Boppard-Herschwiesen ihr originales, prachtvolles Aussehen wieder erhalten. Vom Gew\u00f6lbe des dreijochigen Saalbaus mit seinem 5\/8-Chor \u00fcber dem hochragenden S\u00e4ulenaltar mit den \u00fcberlebensgro\u00dfen Heiligenfiguren des Petrus, Paulus, Pankratius und [&hellip;]<\/p>\n","protected":false},"author":3,"featured_media":0,"parent":30,"menu_order":6,"comment_status":"closed","ping_status":"open","template":"","meta":{"footnotes":""},"class_list":["post-123","page","type-page","status-publish","hentry"],"_links":{"self":[{"href":"https:\/\/www.foerderverein-herschwiesen.de\/index.php?rest_route=\/wp\/v2\/pages\/123","targetHints":{"allow":["GET"]}}],"collection":[{"href":"https:\/\/www.foerderverein-herschwiesen.de\/index.php?rest_route=\/wp\/v2\/pages"}],"about":[{"href":"https:\/\/www.foerderverein-herschwiesen.de\/index.php?rest_route=\/wp\/v2\/types\/page"}],"author":[{"embeddable":true,"href":"https:\/\/www.foerderverein-herschwiesen.de\/index.php?rest_route=\/wp\/v2\/users\/3"}],"replies":[{"embeddable":true,"href":"https:\/\/www.foerderverein-herschwiesen.de\/index.php?rest_route=%2Fwp%2Fv2%2Fcomments&post=123"}],"version-history":[{"count":1,"href":"https:\/\/www.foerderverein-herschwiesen.de\/index.php?rest_route=\/wp\/v2\/pages\/123\/revisions"}],"predecessor-version":[{"id":125,"href":"https:\/\/www.foerderverein-herschwiesen.de\/index.php?rest_route=\/wp\/v2\/pages\/123\/revisions\/125"}],"up":[{"embeddable":true,"href":"https:\/\/www.foerderverein-herschwiesen.de\/index.php?rest_route=\/wp\/v2\/pages\/30"}],"wp:attachment":[{"href":"https:\/\/www.foerderverein-herschwiesen.de\/index.php?rest_route=%2Fwp%2Fv2%2Fmedia&parent=123"}],"curies":[{"name":"wp","href":"https:\/\/api.w.org\/{rel}","templated":true}]}}