{"id":109,"date":"2015-01-14T09:27:01","date_gmt":"2015-01-14T08:27:01","guid":{"rendered":"http:\/\/innenrestaurierung-pfarrkirche-herschwiesen.de\/wordpress\/?page_id=109"},"modified":"2015-01-14T09:30:04","modified_gmt":"2015-01-14T08:30:04","slug":"06-september-2011","status":"publish","type":"page","link":"https:\/\/www.foerderverein-herschwiesen.de\/?page_id=109","title":{"rendered":"06. September 2011"},"content":{"rendered":"<p><strong>Bautagebuch<\/strong><\/p>\n<p>Einigung \u00fcber Farbkonzept zur Gestaltung der Pfarrkirche St. Pankratius in Herschwiesen<br \/>\nKirchliche und Staatliche Denkmalpflege streben barocke Ausmalung an<\/p>\n<p>Genau wei\u00df es offensichtlich niemand mehr, wie die im Jahre 1744 fertiggestellte barocke Pfarrkirche St. Pankratius in Boppard- Herschwiesen bei ihrer Einweihung farblich gestaltet war, weil farbige Bilder aus dieser Zeit und danach leider fehlen. Auch die Original-Bauzeichnungen lassen keinen sicheren Farbzustand erkennen, und Farbuntersuchungen der W\u00e4nde und Decken halfen auch nicht weiter.<\/p>\n<p>Zwar wurden monatelang Untersuchungen an Decken und W\u00e4nden der Kirche gemacht. Dabei wurden auch mehrere Farbschichten von fr\u00fcheren Aus- und \u00dcbermalungen gefunden. Eine eindeutige Zuordnung zur Ursprungsfassung war aber auch dadurch nicht m\u00f6glich geworden. Also mussten die Fachleute der Denkmalpflege auf Basis vergleichbarer Ausmalungen barocker Kirchen eine neue Entscheidung treffen.<\/p>\n<p>Dank der guten Vorarbeit von Kirchen-Architekt Hans-Joachim Becker, Koblenz und\u00a0 von Restaurator Georg Wechsler, Ansbach, einigte man sich jetzt in Anwesenheit des Vorsitzenden des F\u00f6rdervereins Innenrestaurierung Dr. Walter Bersch, bei einem \u201eFarbgipfel\u201c mit den Denkmalpflegern in Mainz auf eine Gestaltung, die weitgehend den jetzt vom Restaurator angelegten Musterfeldern in der Kirche folgen soll. Damit wird auch dem Wunsch der Gl\u00e4ubigen von Herschwiesen entsprochen, die sich eine solch helle und freundliche Farbgebung f\u00fcr ihre Barockkirche schon immer gew\u00fcnscht haben.<\/p>\n<p>Restaurator Lutgen aus Trier wird Mitte September mit den Malerarbeiten beginnen. Sie werden einschlie\u00dflich der Reparaturen an den Gew\u00f6lben und den Stuckelementen wohl weit in den Winter hineinreichen.\u00a0Zurzeit werden die Fenster abgeklebt und der Fu\u00dfboden gegen eindringende Malerfeuchtigkeit gesch\u00fctzt.<\/p>\n<p>Die neue Ausmalung der gew\u00f6lbten Stuckdecke wird auf den Grundfarbe gelb und helles Grau beruhen, mit der vor allem die Gurtb\u00e4nder im Gew\u00f6lbe geschm\u00fcckt werden sollen. Ein pastellfarbenes Rosa wird die Fl\u00e4chen in den netzartigen Zierfeldern und den sich in langen Zopfb\u00e4ndern\u00a0 erstreckenden Akanthusbl\u00fcten schm\u00fccken. In den medaillonartigen Zierfeldern k\u00f6nnte ein helles, opalisierendes Gr\u00fcn erstrahlen. Die W\u00e4nde der Kirche werden entsprechend der Deckenfassung bemalt.<\/p>\n<p>Wer nur die jetzige grau-verrusste Fl\u00e4che von Decken und W\u00e4nden kennt, wird erfreut sein d\u00fcrfen, dass zuk\u00fcnftig an vielen Stellen der Decke in den Knotenpunkten der Ranken und Netzstrukturen auch ein wundersch\u00f6nes Gold aufleuchten wird. Wenn die Arbeiten dann im Fr\u00fchjahr beendet sein werden, wird die Pfarrkirche St. Pankratius wohl den Rang als farbsch\u00f6nste Kirche des Hunsr\u00fccks einnehmen k\u00f6nnen.<\/p>\n<p>Pfarrer Walter Kanzler und der Verwaltungsrat der Kirche erwarten jetzt allerdings auch noch die neuen Kostenvoranschl\u00e4ge, f\u00fcr die sich bisher aufgrund der farblichen Ungewissheit noch keine definitiven Berechnungen anstellen lie\u00dfen. Bis Ende September wird \u00a0dann auch feststehen, ob der bisherige Zeitplan zur Wiederer\u00f6ffnung der Kirche im M\u00e4rz 2012 eingehalten werden kann.<\/p>\n<p><a href=\"https:\/\/www.foerderverein-herschwiesen.de\/wp-content\/uploads\/2015\/01\/Farbkonzept-Pankratius-2.jpg\"><img loading=\"lazy\" decoding=\"async\" class=\"alignnone size-full wp-image-110\" src=\"https:\/\/www.foerderverein-herschwiesen.de\/wp-content\/uploads\/2015\/01\/Farbkonzept-Pankratius-2.jpg\" alt=\"Farbkonzept-Pankratius-2\" width=\"200\" height=\"267\" \/><\/a> \u00a0\u00a0 <a href=\"https:\/\/www.foerderverein-herschwiesen.de\/wp-content\/uploads\/2015\/01\/Farbkonzept-Pankratius-1.jpg\"><img loading=\"lazy\" decoding=\"async\" class=\"alignnone size-medium wp-image-111\" src=\"https:\/\/www.foerderverein-herschwiesen.de\/wp-content\/uploads\/2015\/01\/Farbkonzept-Pankratius-1.jpg\" alt=\"Farbkonzept-Pankratius-1\" width=\"200\" height=\"267\" \/><\/a><\/p>\n<p>Die beiden Fotos lassen die vermutliche zuk\u00fcnftige Farbgebung der Kirche im Vergleich mit dem aktuellen Zustand deutlich erkennen. Das erste Bild zeigt das bisherige Musterfeld der letzten Jahre (unten hinter der Leiter) und die jetzt vom Restaurator vorgeschlagene zuk\u00fcnftige neue Farbgebung am Gew\u00f6lbe (oben).<\/p>\n<p>Im zweiten Bild sind die Details der Farbfelder und der goldenen Netzrosen sowie der deutliche Unterschied zur heutigen grauen Fl\u00e4che erkennbar.<\/p>\n","protected":false},"excerpt":{"rendered":"<p>Bautagebuch Einigung \u00fcber Farbkonzept zur Gestaltung der Pfarrkirche St. Pankratius in Herschwiesen Kirchliche und Staatliche Denkmalpflege streben barocke Ausmalung an Genau wei\u00df es offensichtlich niemand mehr, wie die im Jahre 1744 fertiggestellte barocke Pfarrkirche St. Pankratius in Boppard- Herschwiesen bei ihrer Einweihung farblich gestaltet war, weil farbige Bilder aus dieser Zeit und danach leider fehlen. [&hellip;]<\/p>\n","protected":false},"author":3,"featured_media":0,"parent":30,"menu_order":4,"comment_status":"closed","ping_status":"open","template":"","meta":{"footnotes":""},"class_list":["post-109","page","type-page","status-publish","hentry"],"_links":{"self":[{"href":"https:\/\/www.foerderverein-herschwiesen.de\/index.php?rest_route=\/wp\/v2\/pages\/109","targetHints":{"allow":["GET"]}}],"collection":[{"href":"https:\/\/www.foerderverein-herschwiesen.de\/index.php?rest_route=\/wp\/v2\/pages"}],"about":[{"href":"https:\/\/www.foerderverein-herschwiesen.de\/index.php?rest_route=\/wp\/v2\/types\/page"}],"author":[{"embeddable":true,"href":"https:\/\/www.foerderverein-herschwiesen.de\/index.php?rest_route=\/wp\/v2\/users\/3"}],"replies":[{"embeddable":true,"href":"https:\/\/www.foerderverein-herschwiesen.de\/index.php?rest_route=%2Fwp%2Fv2%2Fcomments&post=109"}],"version-history":[{"count":2,"href":"https:\/\/www.foerderverein-herschwiesen.de\/index.php?rest_route=\/wp\/v2\/pages\/109\/revisions"}],"predecessor-version":[{"id":114,"href":"https:\/\/www.foerderverein-herschwiesen.de\/index.php?rest_route=\/wp\/v2\/pages\/109\/revisions\/114"}],"up":[{"embeddable":true,"href":"https:\/\/www.foerderverein-herschwiesen.de\/index.php?rest_route=\/wp\/v2\/pages\/30"}],"wp:attachment":[{"href":"https:\/\/www.foerderverein-herschwiesen.de\/index.php?rest_route=%2Fwp%2Fv2%2Fmedia&parent=109"}],"curies":[{"name":"wp","href":"https:\/\/api.w.org\/{rel}","templated":true}]}}